{"id":781,"date":"2025-01-22T00:00:55","date_gmt":"2025-01-21T23:00:55","guid":{"rendered":"https:\/\/onag.semujer.gob.hn\/?page_id=781"},"modified":"2025-01-22T00:00:55","modified_gmt":"2025-01-21T23:00:55","slug":"oficinas-municipales-de-la-mujer-omm","status":"publish","type":"page","link":"https:\/\/onag.semujer.gob.hn\/?page_id=781","title":{"rendered":"Oficinas Municipales de la Mujer (OMM)"},"content":{"rendered":"\t\t<div data-elementor-type=\"wp-page\" data-elementor-id=\"781\" class=\"elementor elementor-781\">\n\t\t\t\t<div class=\"elementor-element elementor-element-8398c28 e-flex e-con-boxed wpr-particle-no wpr-jarallax-no wpr-parallax-no wpr-sticky-section-no e-con e-parent\" data-id=\"8398c28\" data-element_type=\"container\">\n\t\t\t\t\t<div class=\"e-con-inner\">\n\t\t\t\t<div class=\"elementor-element elementor-element-09f2850 elementor-widget elementor-widget-heading\" data-id=\"09f2850\" data-element_type=\"widget\" data-widget_type=\"heading.default\">\n\t\t\t\t<div class=\"elementor-widget-container\">\n\t\t\t\t\t<h2 class=\"elementor-heading-title elementor-size-default\">Poblaci\u00f3n y Desarrollo<\/h2>\t\t\t\t<\/div>\n\t\t\t\t<\/div>\n\t\t\t\t\t<\/div>\n\t\t\t\t<\/div>\n\t\t<div class=\"elementor-element elementor-element-cf5caf2 e-flex e-con-boxed wpr-particle-no wpr-jarallax-no wpr-parallax-no wpr-sticky-section-no e-con e-parent\" data-id=\"cf5caf2\" data-element_type=\"container\">\n\t\t\t\t\t<div class=\"e-con-inner\">\n\t\t\t\t<div class=\"elementor-element elementor-element-e1037ad elementor-widget elementor-widget-text-editor\" data-id=\"e1037ad\" data-element_type=\"widget\" data-widget_type=\"text-editor.default\">\n\t\t\t\t<div class=\"elementor-widget-container\">\n\t\t\t\t\t\t\t\t\t<p>Conjunto de indicadores que permiten identificar el n\u00famero de habitantes que viven efectivamente dentro de los l\u00edmites fronterizos de un pa\u00eds, territorio u \u00e1rea determinada.<\/p><p>\u00a0<\/p>\t\t\t\t\t\t\t\t<\/div>\n\t\t\t\t<\/div>\n\t\t\t\t\t<\/div>\n\t\t\t\t<\/div>\n\t\t<div class=\"elementor-element elementor-element-695430c e-con-full e-flex wpr-particle-no wpr-jarallax-no wpr-parallax-no wpr-sticky-section-no e-con e-parent\" data-id=\"695430c\" data-element_type=\"container\">\n\t\t\t\t<div class=\"elementor-element elementor-element-4952cc6 elementor-widget elementor-widget-html\" data-id=\"4952cc6\" data-element_type=\"widget\" data-widget_type=\"html.default\">\n\t\t\t\t<div class=\"elementor-widget-container\">\n\t\t\t\t\t<div class=\"container sombreado-formulario\">\n            <div class=\"contenedor-formulario-informacion\">\n                <h4 class=\"Raleway azul\">Filtros de b\u00fasqueda<\/h4>\n                <p>\n                    Seleccione filtros de b\u00fasqueda.\n                <\/p>\n                <div class=\"cell-xl-12 align-self-center\">\n                    <div class=\"row\">\n                        <div class=\"col-lg-12 cell-inner\">\n                            <form class=\"rd-form\" data-form-output=\"form-output-global\" data-form-type=\"contact\" novalidate=\"novalidate\" id=\"formularioFiltros\" method=\"get\">\n                                <div class=\"row row-12\">\n    <div class=\"col-lg-12 col-md-12 col-sm-12 columnaFiltro\" id=\"indicadorColumna\">\n        <div class=\"form-wrap fadeSlideInUp has-error\" style=\"visibility:\n        visible; animation-name: fadeSlideInUp;\">\n            <label for=\"indicador_slug\">\n                Indicador\n            <\/label>\n            <select id=\"indicador_slug\" name=\"indicador_slug\" class=\"form-control w-100 select2-hidden-accessible\" data-select2-id=\"select2-data-indicador_slug\" tabindex=\"-1\" aria-hidden=\"true\">\n                <option disabled=\"\" hidden=\"\"> Seleccione indicador <\/option>\n                                    <option value=\"esperanza-de-vida-al-nacer\" data-fuente-indicador=\"Proyecciones de Poblaci\u00f3n, Instituto Nacional de Estad\u00edsticas.\" id=\"option-esperanza-de-vida-al-nacer\" data-select2-id=\"select2-data-option-esperanza-de-vida-al-nacer\">\n                        Esperanza de Vida al Nacer\n                    <\/option>\n                                    <option value=\"poblacion-total\" data-fuente-indicador=\"Proyecciones de Poblaci\u00f3n, Instituto Nacional de Estad\u00edsticas.\" id=\"option-poblacion-total\">\n                        Poblaci\u00f3n Total\n                    <\/option>\n                                    <option value=\"relacion-de-dependencia-demografica\" data-fuente-indicador=\"Proyecciones de Poblaci\u00f3n, Instituto Nacional de Estad\u00edsticas.\" id=\"option-relacion-de-dependencia-demografica\">\n                        Relaci\u00f3n de Dependencia Demografica\n                    <\/option>\n                                    <option value=\"tasa-de-crecimiento\" data-fuente-indicador=\"Proyecciones de Poblaci\u00f3n, Instituto Nacional de Estad\u00edsticas.\" id=\"option-tasa-de-crecimiento\">\n                        Tasa de Crecimiento\n                    <\/option>\n                                    <option value=\"porcentaje-de-la-poblacion-adulta-mayor\" data-fuente-indicador=\"Proyecciones de Poblaci\u00f3n, Instituto Nacional de Estad\u00edsticas.\" id=\"option-porcentaje-de-la-poblacion-adulta-mayor\">\n                        Poblaci\u00f3n Adulta Mayor\n                    <\/option>\n                            <\/select><span class=\"select2 select2-container select2-container--default w-100\" dir=\"ltr\" data-select2-id=\"select2-data-1-10du\" style=\"width: 1130px;\"><span class=\"selection\"><span class=\"select2-selection select2-selection--single\" role=\"combobox\" aria-haspopup=\"true\" aria-expanded=\"false\" tabindex=\"0\" aria-disabled=\"false\" aria-labelledby=\"select2-indicador_slug-container\" aria-controls=\"select2-indicador_slug-container\"><span class=\"select2-selection__rendered\" id=\"select2-indicador_slug-container\" role=\"textbox\" aria-readonly=\"true\" title=\"\n                        Esperanza de Vida al Nacer\n                    \">\n                        Esperanza de Vida al Nacer\n                    <\/span><span class=\"select2-selection__arrow\" role=\"presentation\"><b role=\"presentation\"><\/b><\/span><\/span><\/span><span class=\"dropdown-wrapper\" aria-hidden=\"true\"><\/span><\/span>\n        <\/div>\n    <\/div>\n    <div class=\"col-lg-4 col-md-4 col-sm-6 columnaFiltro\" id=\"desagregacionColumna\">\n        <div class=\"form-wrap fadeSlideInUp has-error\" style=\"visibility:\n        visible; animation-name: fadeSlideInUp;\">\n            <label for=\"desagregacion_id\">\n                Desagregaci\u00f3n\n            <\/label>\n            <select id=\"desagregacion_id\" name=\"desagregacion_id\" class=\"form-control w-100 select2-hidden-accessible\" tabindex=\"-1\" aria-hidden=\"true\" data-select2-id=\"select2-data-desagregacion_id\"><option value=\"3\" data-select2-id=\"select2-data-10-funx\">Por Sexo y Departamento<\/option><option value=\"28\" data-select2-id=\"select2-data-11-ubxe\">Total Nacional por Sexo<\/option><\/select><span class=\"select2 select2-container select2-container--default w-100\" dir=\"ltr\" data-select2-id=\"select2-data-9-q6d7\" style=\"width: 356.656px;\"><span class=\"selection\"><span class=\"select2-selection select2-selection--single\" role=\"combobox\" aria-haspopup=\"true\" aria-expanded=\"false\" tabindex=\"0\" aria-disabled=\"false\" aria-labelledby=\"select2-desagregacion_id-container\" aria-controls=\"select2-desagregacion_id-container\"><span class=\"select2-selection__rendered\" id=\"select2-desagregacion_id-container\" role=\"textbox\" aria-readonly=\"true\" title=\"Por Sexo y Departamento\">Por Sexo y Departamento<\/span><span class=\"select2-selection__arrow\" role=\"presentation\"><b role=\"presentation\"><\/b><\/span><\/span><\/span><span class=\"dropdown-wrapper\" aria-hidden=\"true\"><\/span><\/span>\n        <\/div>\n    <\/div>\n            <div class=\"col-lg-3 col-md-3 col-sm-6 columnaFiltro\n                \" id=\"anioColumna\">\n            <div class=\"form-wrap fadeSlideInUp has-error\" style=\"visibility: visible; animation-name: fadeSlideInUp;\">\n                <label for=\"anio_id\">\n                    A\u00f1o\/s\n                <\/label>\n                <select id=\"anio_id\" name=\"anio_id\" class=\"form-control w-100 select2-hidden-accessible\" tabindex=\"-1\" aria-hidden=\"true\" data-select2-id=\"select2-data-anio_id\"><option value=\"22\" data-select2-id=\"select2-data-16-7ii7\">2023<\/option><option value=\"21\" data-select2-id=\"select2-data-17-3uap\">2022<\/option><option value=\"20\" data-select2-id=\"select2-data-18-j2tj\">2021<\/option><option value=\"19\" data-select2-id=\"select2-data-19-9rzu\">2020<\/option><option value=\"18\" data-select2-id=\"select2-data-20-mxc4\">2019<\/option><option value=\"17\" data-select2-id=\"select2-data-21-kgdg\">2018<\/option><option value=\"16\" data-select2-id=\"select2-data-22-9iyy\">2017<\/option><option value=\"15\" data-select2-id=\"select2-data-23-5l3e\">2016<\/option><option value=\"14\" data-select2-id=\"select2-data-24-dkb5\">2015<\/option><option value=\"13\" data-select2-id=\"select2-data-25-4gzf\">2014<\/option><option value=\"12\" data-select2-id=\"select2-data-26-9u11\">2013<\/option><\/select><span class=\"select2 select2-container select2-container--default w-100\" dir=\"ltr\" data-select2-id=\"select2-data-15-a2qi\" style=\"width: 260px;\"><span class=\"selection\"><span class=\"select2-selection select2-selection--single\" role=\"combobox\" aria-haspopup=\"true\" aria-expanded=\"false\" tabindex=\"0\" aria-disabled=\"false\" aria-labelledby=\"select2-anio_id-container\" aria-controls=\"select2-anio_id-container\"><span class=\"select2-selection__rendered\" id=\"select2-anio_id-container\" role=\"textbox\" aria-readonly=\"true\" title=\"2023\">2023<\/span><span class=\"select2-selection__arrow\" role=\"presentation\"><b role=\"presentation\"><\/b><\/span><\/span><\/span><span class=\"dropdown-wrapper\" aria-hidden=\"true\"><\/span><\/span>\n            <\/div>\n        <\/div>\n                    <div class=\"col-lg-4 col-md-4 col-sm-6 d-none columnaFiltro\" id=\"departamentoColumna\">\n            <div class=\"form-wrap fadeSlideInUp has-error\" style=\"visibility: visible; animation-name: fadeSlideInUp;\">\n                <label for=\"departamento_id\">\n                    Departamento\n                <\/label>\n                <select id=\"departamento_id\" name=\"departamento_id[]\" class=\"form-control w-100 select2-hidden-accessible\" multiple=\"\" data-select2-id=\"select2-data-departamento_id\" tabindex=\"-1\" aria-hidden=\"true\">\n                                            <option value=\"1\">\n                            Atl\u00e1ntida\n                        <\/option>\n                                            <option value=\"2\">\n                            Col\u00f3n\n                        <\/option>\n                                            <option value=\"3\">\n                            Comayagua\n                        <\/option>\n                                            <option value=\"4\">\n                            Cop\u00e1n\n                        <\/option>\n                                            <option value=\"5\">\n                            Cort\u00e9s\n                        <\/option>\n                                            <option value=\"6\">\n                            Choluteca\n                        <\/option>\n                                            <option value=\"7\">\n                            El Para\u00edso\n                        <\/option>\n                                            <option value=\"8\">\n                            Francisco Moraz\u00e1n\n                        <\/option>\n                                            <option value=\"9\">\n                            Gracias a Dios\n                        <\/option>\n                                            <option value=\"10\">\n                            Intibuc\u00e1\n                        <\/option>\n                                            <option value=\"11\">\n                            Islas de Bah\u00eda\n                        <\/option>\n                                            <option value=\"12\">\n                            La Paz\n                        <\/option>\n                                            <option value=\"13\">\n                            Lempira\n                        <\/option>\n                                            <option value=\"14\">\n                            Ocotepeque\n                        <\/option>\n                                            <option value=\"15\">\n                            Olancho\n                        <\/option>\n                                            <option value=\"16\">\n                            Santa B\u00e1rbara\n                        <\/option>\n                                            <option value=\"17\">\n                            Valle\n                        <\/option>\n                                            <option value=\"18\">\n                            Yoro\n                        <\/option>\n                                    <\/select><span class=\"select2 select2-container select2-container--default w-100\" dir=\"ltr\" data-select2-id=\"select2-data-5-477l\" style=\"width: auto;\"><span class=\"selection\"><span class=\"select2-selection select2-selection--multiple\" role=\"combobox\" aria-haspopup=\"true\" aria-expanded=\"false\" tabindex=\"-1\" aria-disabled=\"false\"><ul class=\"select2-selection__rendered\" id=\"select2-departamento_id-container\"><\/ul><span class=\"select2-search select2-search--inline\"><textarea class=\"select2-search__field\" type=\"search\" tabindex=\"0\" autocorrect=\"off\" autocapitalize=\"none\" spellcheck=\"false\" role=\"searchbox\" aria-autocomplete=\"list\" autocomplete=\"off\" aria-label=\"Search\" aria-describedby=\"select2-departamento_id-container\" placeholder=\"Todos\" style=\"width: 100%;\"><\/textarea><\/span><\/span><\/span><span class=\"dropdown-wrapper\" aria-hidden=\"true\"><\/span><\/span>\n            <\/div>\n        <\/div>\n                    <div class=\"col-lg-3 col-md-3 col-sm-6 columnaFiltro\" id=\"generoColumna\">\n            <div class=\"form-wrap fadeSlideInUp has-error\">\n                <label for=\"genero_id\">\n                    Sexo\n                <\/label>\n                <select id=\"genero_id\" name=\"genero_id\" class=\"form-control w-100 select2-hidden-accessible\" data-select2-id=\"select2-data-genero_id\" tabindex=\"-1\" aria-hidden=\"true\">\n                    <option value=\"\" disabled=\"\"> Seleccione el sexo <\/option>\n                                            <option value=\"todos\" selected=\"\" data-select2-id=\"select2-data-7-97yj\">\n                            Todos\n                        <\/option>\n                                            <option value=\"hombres\">\n                            Hombres\n                        <\/option>\n                                            <option value=\"mujeres\">\n                            Mujeres\n                        <\/option>\n                                    <\/select><span class=\"select2 select2-container select2-container--default w-100\" dir=\"ltr\" data-select2-id=\"select2-data-6-365a\" style=\"width: auto;\"><span class=\"selection\"><span class=\"select2-selection select2-selection--single\" role=\"combobox\" aria-haspopup=\"true\" aria-expanded=\"false\" tabindex=\"0\" aria-disabled=\"false\" aria-labelledby=\"select2-genero_id-container\" aria-controls=\"select2-genero_id-container\"><span class=\"select2-selection__rendered\" id=\"select2-genero_id-container\" role=\"textbox\" aria-readonly=\"true\" title=\"\n                            Todos\n                        \">\n                            Todos\n                        <\/span><span class=\"select2-selection__arrow\" role=\"presentation\"><b role=\"presentation\"><\/b><\/span><\/span><\/span><span class=\"dropdown-wrapper\" aria-hidden=\"true\"><\/span><\/span>\n            <\/div>\n        <\/div>\n            <div class=\"col-3 d-none columnaFiltro\" id=\"checkboxColumna\">\n        <label class=\"form-check-label\" for=\"grafico_porcentual\">\n            Mostrar porcentaje\n        <\/label>\n        <div class=\"custom-control form-control-lg custom-checkbox\">\n            <input type=\"checkbox\" class=\"custom-control-input\" name=\"porcentaje\" id=\"grafico_porcentual\">\n            <label class=\"custom-control-label\" for=\"grafico_porcentual\"><\/label>\n        <\/div>\n    <\/div>\n    <div class=\"col-12 boton-informacion wow-outer\">\n        <button class=\"button button-primary button-winona wow slideInRight float-right button-sm\" style=\"visibility: visible; animation-name: slideInRight;\"><div class=\"content-original\">\n            Consultar\n        <\/div><div class=\"content-dubbed\">\n            Consultar\n        <\/div><\/button>\n    <\/div>\n<\/div>\n                            <\/form>\t\t\t\t<\/div>\n\t\t\t\t<\/div>\n\t\t\t\t<\/div>\n\t\t\t\t<\/div>\n\t\t","protected":false},"excerpt":{"rendered":"<p>Poblaci\u00f3n y Desarrollo Conjunto de indicadores que permiten identificar el n\u00famero de habitantes que viven efectivamente dentro de los l\u00edmites fronterizos de un pa\u00eds, territorio u \u00e1rea determinada. \u00a0 Filtros de b\u00fasqueda Seleccione filtros de b\u00fasqueda. Indicador Seleccione indicador Esperanza de Vida al Nacer Poblaci\u00f3n Total Relaci\u00f3n de Dependencia Demografica Tasa de Crecimiento Poblaci\u00f3n Adulta Mayor Esperanza de Vida al Nacer Desagregaci\u00f3n Por Sexo y DepartamentoTotal Nacional por SexoPor Sexo y Departamento A\u00f1o\/s 202320222021202020192018201720162015201420132023 Departamento Atl\u00e1ntida Col\u00f3n Comayagua Cop\u00e1n Cort\u00e9s Choluteca El Para\u00edso Francisco Moraz\u00e1n Gracias a Dios Intibuc\u00e1 Islas de Bah\u00eda La Paz Lempira Ocotepeque Olancho Santa B\u00e1rbara Valle Yoro Sexo Seleccione el sexo Todos Hombres Mujeres Todos Mostrar porcentaje Consultar Consultar<\/p>\n","protected":false},"author":1,"featured_media":0,"parent":0,"menu_order":0,"comment_status":"closed","ping_status":"closed","template":"","meta":{"site-sidebar-layout":"no-sidebar","site-content-layout":"","ast-site-content-layout":"full-width-container","site-content-style":"default","site-sidebar-style":"default","ast-global-header-display":"","ast-banner-title-visibility":"","ast-main-header-display":"","ast-hfb-above-header-display":"","ast-hfb-below-header-display":"","ast-hfb-mobile-header-display":"","site-post-title":"disabled","ast-breadcrumbs-content":"","ast-featured-img":"disabled","footer-sml-layout":"","theme-transparent-header-meta":"","adv-header-id-meta":"","stick-header-meta":"","header-above-stick-meta":"","header-main-stick-meta":"","header-below-stick-meta":"","astra-migrate-meta-layouts":"default","ast-page-background-enabled":"default","ast-page-background-meta":{"desktop":{"background-color":"var(--ast-global-color-4)","background-image":"","background-repeat":"repeat","background-position":"center center","background-size":"auto","background-attachment":"scroll","background-type":"","background-media":"","overlay-type":"","overlay-color":"","overlay-opacity":"","overlay-gradient":""},"tablet":{"background-color":"","background-image":"","background-repeat":"repeat","background-position":"center center","background-size":"auto","background-attachment":"scroll","background-type":"","background-media":"","overlay-type":"","overlay-color":"","overlay-opacity":"","overlay-gradient":""},"mobile":{"background-color":"","background-image":"","background-repeat":"repeat","background-position":"center center","background-size":"auto","background-attachment":"scroll","background-type":"","background-media":"","overlay-type":"","overlay-color":"","overlay-opacity":"","overlay-gradient":""}},"ast-content-background-meta":{"desktop":{"background-color":"var(--ast-global-color-5)","background-image":"","background-repeat":"repeat","background-position":"center center","background-size":"auto","background-attachment":"scroll","background-type":"","background-media":"","overlay-type":"","overlay-color":"","overlay-opacity":"","overlay-gradient":""},"tablet":{"background-color":"var(--ast-global-color-5)","background-image":"","background-repeat":"repeat","background-position":"center center","background-size":"auto","background-attachment":"scroll","background-type":"","background-media":"","overlay-type":"","overlay-color":"","overlay-opacity":"","overlay-gradient":""},"mobile":{"background-color":"var(--ast-global-color-5)","background-image":"","background-repeat":"repeat","background-position":"center center","background-size":"auto","background-attachment":"scroll","background-type":"","background-media":"","overlay-type":"","overlay-color":"","overlay-opacity":"","overlay-gradient":""}},"footnotes":""},"class_list":["post-781","page","type-page","status-publish","hentry"],"_links":{"self":[{"href":"https:\/\/onag.semujer.gob.hn\/index.php?rest_route=\/wp\/v2\/pages\/781","targetHints":{"allow":["GET"]}}],"collection":[{"href":"https:\/\/onag.semujer.gob.hn\/index.php?rest_route=\/wp\/v2\/pages"}],"about":[{"href":"https:\/\/onag.semujer.gob.hn\/index.php?rest_route=\/wp\/v2\/types\/page"}],"author":[{"embeddable":true,"href":"https:\/\/onag.semujer.gob.hn\/index.php?rest_route=\/wp\/v2\/users\/1"}],"replies":[{"embeddable":true,"href":"https:\/\/onag.semujer.gob.hn\/index.php?rest_route=%2Fwp%2Fv2%2Fcomments&post=781"}],"version-history":[{"count":1,"href":"https:\/\/onag.semujer.gob.hn\/index.php?rest_route=\/wp\/v2\/pages\/781\/revisions"}],"predecessor-version":[{"id":782,"href":"https:\/\/onag.semujer.gob.hn\/index.php?rest_route=\/wp\/v2\/pages\/781\/revisions\/782"}],"wp:attachment":[{"href":"https:\/\/onag.semujer.gob.hn\/index.php?rest_route=%2Fwp%2Fv2%2Fmedia&parent=781"}],"curies":[{"name":"wp","href":"https:\/\/api.w.org\/{rel}","templated":true}]}}