{"id":773,"date":"2025-01-21T23:59:57","date_gmt":"2025-01-21T22:59:57","guid":{"rendered":"https:\/\/onag.semujer.gob.hn\/?page_id=773"},"modified":"2025-04-01T08:57:32","modified_gmt":"2025-04-01T14:57:32","slug":"maprodem","status":"publish","type":"page","link":"https:\/\/onag.semujer.gob.hn\/?page_id=773","title":{"rendered":"MAPRODEM"},"content":{"rendered":"\t\t<div data-elementor-type=\"wp-page\" data-elementor-id=\"773\" class=\"elementor elementor-773\">\n\t\t\t\t<div class=\"elementor-element elementor-element-8398c28 e-flex e-con-boxed wpr-particle-no wpr-jarallax-no wpr-parallax-no wpr-sticky-section-no e-con e-parent\" data-id=\"8398c28\" data-element_type=\"container\">\n\t\t\t\t\t<div class=\"e-con-inner\">\n\t\t\t\t<div class=\"elementor-element elementor-element-09f2850 elementor-widget elementor-widget-heading\" data-id=\"09f2850\" data-element_type=\"widget\" data-widget_type=\"heading.default\">\n\t\t\t\t<div class=\"elementor-widget-container\">\n\t\t\t\t\t<h2 class=\"elementor-heading-title elementor-size-default\">MAPRODEM<\/h2>\t\t\t\t<\/div>\n\t\t\t\t<\/div>\n\t\t\t\t\t<\/div>\n\t\t\t\t<\/div>\n\t\t<div class=\"elementor-element elementor-element-cf5caf2 e-flex e-con-boxed wpr-particle-no wpr-jarallax-no wpr-parallax-no wpr-sticky-section-no e-con e-parent\" data-id=\"cf5caf2\" data-element_type=\"container\">\n\t\t\t\t\t<div class=\"e-con-inner\">\n\t\t\t\t<div class=\"elementor-element elementor-element-e1037ad elementor-widget elementor-widget-text-editor\" data-id=\"e1037ad\" data-element_type=\"widget\" data-widget_type=\"text-editor.default\">\n\t\t\t\t<div class=\"elementor-widget-container\">\n\t\t\t\t\t\t\t\t\t<p>M\u00f3dulo de Atenci\u00f3n y Protecci\u00f3n a los Derechos de la Mujer: Conjunto de indicadores que brindan informaci\u00f3n sobre los servicios de atenci\u00f3n y prevenci\u00f3n de la violencia contra la mujer, que tiene a cargo el Instituto Nacional de la Mujer en los Centros Ciudad Mujer.<\/p>\t\t\t\t\t\t\t\t<\/div>\n\t\t\t\t<\/div>\n\t\t\t\t\t<\/div>\n\t\t\t\t<\/div>\n\t\t<div class=\"elementor-element elementor-element-695430c e-con-full e-flex wpr-particle-no wpr-jarallax-no wpr-parallax-no wpr-sticky-section-no e-con e-parent\" data-id=\"695430c\" data-element_type=\"container\">\n\t\t\t\t<div class=\"elementor-element elementor-element-4952cc6 elementor-widget elementor-widget-html\" data-id=\"4952cc6\" data-element_type=\"widget\" data-widget_type=\"html.default\">\n\t\t\t\t<div class=\"elementor-widget-container\">\n\t\t\t\t\t    <section class=\"section mt-2\">\n        <div class=\"container sombreado-formulario\">\n            <div class=\"contenedor-formulario-informacion\">\n                <h4 class=\"Raleway azul\">Filtros de b\u00fasqueda<\/h4>\n                <p>\n                    Seleccione filtros de b\u00fasqueda.\n                <\/p>\n                <div class=\"cell-xl-12 align-self-center\">\n                    <div class=\"row\">\n                        <div class=\"col-lg-12 cell-inner\">\n                            <form class=\"rd-form\"\n                                  data-form-output=\"form-output-global\"\n                                  data-form-type=\"contact\"\n                                                                    novalidate=\"novalidate\"\n                                  id=\"formularioFiltros\"\n                                  method=\"get\">\n                                <div class=\"row row-12\">\n    <div class=\"col-lg-12 col-md-12 col-sm-12 columnaFiltro\" id=\"indicadorColumna\">\n        <div class=\"form-wrap fadeSlideInUp has-error\" style=\"visibility:\n        visible; animation-name: fadeSlideInUp;\">\n            <label for=\"indicador_slug\">\n                Indicador\n            <\/label>\n            <select\n                id=\"indicador_slug\"\n                name=\"indicador_slug\"\n                class=\"form-control w-100\"\n            >\n                <option disabled hidden> Seleccione indicador <\/option>\n                                    <option value=\"jornadas-de-grupos-de-autoayuda-realizadas\"\n                            data-fuente-indicador=\"M\u00f3dulo de Atenci\u00f3n y Protecci\u00f3n a los Derechos de la Mujer &quot;MAPRODEM&quot; Ciudad Mujer\"\n                            id=\"option-jornadas-de-grupos-de-autoayuda-realizadas\"\n                    >\n                        Jornadas de Grupos de Autoayuda Realizadas\n                    <\/option>\n                                    <option value=\"numero-de-mujeres-participantes-en-los-grupos-de-autoayuda\"\n                            data-fuente-indicador=\"M\u00f3dulo de Atenci\u00f3n y Protecci\u00f3n a los Derechos de la Mujer &quot;MAPRODEM&quot; Ciudad Mujer\"\n                            id=\"option-numero-de-mujeres-participantes-en-los-grupos-de-autoayuda\"\n                    >\n                        N\u00famero de Mujeres Participantes en los Grupos de Autoayuda\n                    <\/option>\n                                    <option value=\"jornadas-de-planes-de-vida-y-seguridad\"\n                            data-fuente-indicador=\"M\u00f3dulo de Atenci\u00f3n y Protecci\u00f3n a los Derechos de la Mujer &quot;MAPRODEM&quot; Ciudad Mujer\"\n                            id=\"option-jornadas-de-planes-de-vida-y-seguridad\"\n                    >\n                        Jornadas de Planes de Vida y Seguridad\n                    <\/option>\n                                    <option value=\"planes-de-vida-y-seguridad-elaborados\"\n                            data-fuente-indicador=\"M\u00f3dulo de Atenci\u00f3n y Protecci\u00f3n a los Derechos de la Mujer &quot;MAPRODEM&quot; Ciudad Mujer\"\n                            id=\"option-planes-de-vida-y-seguridad-elaborados\"\n                    >\n                        N\u00famero de Planes de Vida y Seguridad Elaborados\n                    <\/option>\n                                    <option value=\"atenciones-psicologicas-servicios-nuevos-y-subsecuentes\"\n                            data-fuente-indicador=\"M\u00f3dulo de Atenci\u00f3n y Protecci\u00f3n a los Derechos de la Mujer &quot;MAPRODEM&quot; Ciudad Mujer\"\n                            id=\"option-atenciones-psicologicas-servicios-nuevos-y-subsecuentes\"\n                    >\n                        N\u00famero de Atenciones Psicol\u00f3gicas\n                    <\/option>\n                                    <option value=\"atenciones-por-trabajo-social-servicios-nuevos-y-subsecuentes\"\n                            data-fuente-indicador=\"M\u00f3dulo de Atenci\u00f3n y Protecci\u00f3n a los Derechos de la Mujer &quot;MAPRODEM&quot; Ciudad Mujer\"\n                            id=\"option-atenciones-por-trabajo-social-servicios-nuevos-y-subsecuentes\"\n                    >\n                        N\u00famero de Atenciones por Trabajo Social\n                    <\/option>\n                                    <option value=\"mujeres-atendidas-por-primera-vez\"\n                            data-fuente-indicador=\"M\u00f3dulo de Atenci\u00f3n y Protecci\u00f3n a los Derechos de la Mujer &quot;MAPRODEM&quot; Ciudad Mujer\"\n                            id=\"option-mujeres-atendidas-por-primera-vez\"\n                    >\n                        N\u00famero de Mujeres Atendidas por Primera Vez\n                    <\/option>\n                                    <option value=\"numero-de-adolescentes-atendidas-por-situaciones-de-violencia\"\n                            data-fuente-indicador=\"M\u00f3dulo de Atenci\u00f3n y Protecci\u00f3n a los Derechos de la Mujer &quot;MAPRODEM&quot; Ciudad Mujer\"\n                            id=\"option-numero-de-adolescentes-atendidas-por-situaciones-de-violencia\"\n                    >\n                        N\u00famero de Adolescentes Atendidas Por Situaciones de Violencia\n                    <\/option>\n                                    <option value=\"tipologia-de-violencia-atendida-segun-protocolo-de-maprodem\"\n                            data-fuente-indicador=\"M\u00f3dulo de Atenci\u00f3n y Protecci\u00f3n a los Derechos de la Mujer &quot;MAPRODEM&quot; Ciudad Mujer\"\n                            id=\"option-tipologia-de-violencia-atendida-segun-protocolo-de-maprodem\"\n                    >\n                        Tipolog\u00eda de Violencia Atendida Seg\u00fan Protocolo de MAPRODEM\n                    <\/option>\n                            <\/select>\n        <\/div>\n    <\/div>\n    <div class=\"col-lg-4 col-md-4 col-sm-6 columnaFiltro\" id=\"desagregacionColumna\">\n        <div class=\"form-wrap fadeSlideInUp has-error\" style=\"visibility:\n        visible; animation-name: fadeSlideInUp;\">\n            <label for=\"desagregacion_id\">\n                Desagregaci\u00f3n\n            <\/label>\n            <select\n                id=\"desagregacion_id\"\n                name=\"desagregacion_id\"\n                class=\"form-control w-100\"\n            >\n                <option disabled hidden> Seleccione indicador <\/option>\n                                    <option value=\"21\">\n                        Trimestral por Centro\n                    <\/option>\n                            <\/select>\n        <\/div>\n    <\/div>\n            <div class=\"col-lg-3 col-md-3 col-sm-6 columnaFiltro\n                \"\n             id=\"anioColumna\">\n            <div class=\"form-wrap fadeSlideInUp has-error\"\n                 style=\"visibility: visible; animation-name: fadeSlideInUp;\">\n                <label for=\"anio_id\">\n                    A\u00f1o\/s\n                <\/label>\n                <select\n                    id=\"anio_id\"\n                    name=\"anio_id[]\"\n                    class=\"form-control w-100\"\n                    multiple=\"multiple\"\n                >\n                    <option disabled> Seleccione a\u00f1o <\/option>\n                                    <\/select>\n            <\/div>\n        <\/div>\n                    <div class=\"col-lg-4 col-md-4 col-sm-6 d-none columnaFiltro\" id=\"departamentoColumna\">\n            <div class=\"form-wrap fadeSlideInUp has-error\"\n                 style=\"visibility: visible; animation-name: fadeSlideInUp;\">\n                <label for=\"departamento_id\">\n                    Departamento\n                <\/label>\n                <select\n                    id=\"departamento_id\"\n                    name=\"departamento_id[]\"\n                    class=\"form-control w-100\"\n                    multiple=\"multiple\"\n                >\n                                            <option value=\"1\">\n                            Atl\u00e1ntida\n                        <\/option>\n                                            <option value=\"2\">\n                            Col\u00f3n\n                        <\/option>\n                                            <option value=\"3\">\n                            Comayagua\n                        <\/option>\n                                            <option value=\"4\">\n                            Cop\u00e1n\n                        <\/option>\n                                            <option value=\"5\">\n                            Cort\u00e9s\n                        <\/option>\n                                            <option value=\"6\">\n                            Choluteca\n                        <\/option>\n                                            <option value=\"7\">\n                            El Para\u00edso\n                        <\/option>\n                                            <option value=\"8\">\n                            Francisco Moraz\u00e1n\n                        <\/option>\n                                            <option value=\"9\">\n                            Gracias a Dios\n                        <\/option>\n                                            <option value=\"10\">\n                            Intibuc\u00e1\n                        <\/option>\n                                            <option value=\"11\">\n                            Islas de Bah\u00eda\n                        <\/option>\n                                            <option value=\"12\">\n                            La Paz\n                        <\/option>\n                                            <option value=\"13\">\n                            Lempira\n                        <\/option>\n                                            <option value=\"14\">\n                            Ocotepeque\n                        <\/option>\n                                            <option value=\"15\">\n                            Olancho\n                        <\/option>\n                                            <option value=\"16\">\n                            Santa B\u00e1rbara\n                        <\/option>\n                                            <option value=\"17\">\n                            Valle\n                        <\/option>\n                                            <option value=\"18\">\n                            Yoro\n                        <\/option>\n                                    <\/select>\n            <\/div>\n        <\/div>\n                        <div class=\"col-lg-2 col-md-2 col-sm-6 columnaFiltro\" id=\"centroColumna\">\n            <div class=\"form-wrap fadeSlideInUp has-error\"\n                 style=\"visibility: visible; animation-name: fadeSlideInUp;\">\n                <label for=\"centros\">\n                    Centro\n                <\/label>\n                <select\n                    id=\"centro_id\"\n                    name=\"centro_id[]\"\n                    multiple=\"multiple\"\n                    class=\"form-control w-100\"\n                >\n                                            <option value=\"1\">\n                            Tegucigalpa\n                        <\/option>\n                                            <option value=\"2\">\n                            Choloma\n                        <\/option>\n                                            <option value=\"3\">\n                            San Pedro Sula\n                        <\/option>\n                                            <option value=\"4\">\n                            La Ceiba\n                        <\/option>\n                                            <option value=\"5\">\n                            Juticalpa\n                        <\/option>\n                                            <option value=\"6\">\n                            Choluteca\n                        <\/option>\n                                    <\/select>\n            <\/div>\n        <\/div>\n        <div class=\"col-3 d-none columnaFiltro\" id=\"checkboxColumna\">\n        <label class=\"form-check-label\" for=\"grafico_porcentual\">\n            Mostrar porcentaje\n        <\/label>\n        <div class=\"custom-control form-control-lg custom-checkbox\">\n            <input type=\"checkbox\" class=\"custom-control-input\" name=\"porcentaje\" id=\"grafico_porcentual\">\n            <label class=\"custom-control-label\" for=\"grafico_porcentual\"><\/label>\n        <\/div>\n    <\/div>\n    <div class=\"col-12 boton-informacion wow-outer\">\n        <button class=\"button button-primary button-winona wow slideInRight float-right button-sm\">\n            Consultar\n        <\/button>\n    <\/div>\n<\/div>\n                            <\/form>\n                        <\/div>\n                        <input type=\"hidden\" id=\"categoriaSlug\" value=\"maprodem\">\n                    <\/div>\n                <\/div>\n\n            <\/div>\n        <\/div>\n    <\/section>\n    <br>\n    <section class=\"section mt-1 mb-5\">\n        <div class=\"container\">\n            \n            <div class=\"cell-xl-12 align-self-center\">\n                <div id=\"contenido\" class=\"row\">\n                <\/div>\n            <\/div>\n        <\/div>\n    <\/section>\n    <br>\t\t\t\t<\/div>\n\t\t\t\t<\/div>\n\t\t\t\t<\/div>\n\t\t\t\t<\/div>\n\t\t","protected":false},"excerpt":{"rendered":"<p>MAPRODEM M\u00f3dulo de Atenci\u00f3n y Protecci\u00f3n a los Derechos de la Mujer: Conjunto de indicadores que brindan informaci\u00f3n sobre los servicios de atenci\u00f3n y prevenci\u00f3n de la violencia contra la mujer, que tiene a cargo el Instituto Nacional de la Mujer en los Centros Ciudad Mujer. Filtros de b\u00fasqueda Seleccione filtros de b\u00fasqueda. Indicador Seleccione indicador Jornadas de Grupos de Autoayuda Realizadas N\u00famero de Mujeres Participantes en los Grupos de Autoayuda Jornadas de Planes de Vida y Seguridad N\u00famero de Planes de Vida y Seguridad Elaborados N\u00famero de Atenciones Psicol\u00f3gicas N\u00famero de Atenciones por Trabajo Social N\u00famero de Mujeres Atendidas por Primera Vez N\u00famero de Adolescentes Atendidas Por Situaciones de Violencia Tipolog\u00eda de Violencia Atendida Seg\u00fan Protocolo de MAPRODEM Desagregaci\u00f3n Seleccione indicador Trimestral por Centro A\u00f1o\/s Seleccione a\u00f1o Departamento Atl\u00e1ntida Col\u00f3n Comayagua Cop\u00e1n Cort\u00e9s Choluteca El Para\u00edso Francisco Moraz\u00e1n Gracias a Dios Intibuc\u00e1 Islas de Bah\u00eda La Paz Lempira Ocotepeque Olancho Santa B\u00e1rbara Valle Yoro Centro Tegucigalpa Choloma San Pedro Sula La Ceiba Juticalpa Choluteca Mostrar porcentaje Consultar<\/p>\n","protected":false},"author":1,"featured_media":0,"parent":0,"menu_order":0,"comment_status":"closed","ping_status":"closed","template":"","meta":{"site-sidebar-layout":"no-sidebar","site-content-layout":"","ast-site-content-layout":"full-width-container","site-content-style":"default","site-sidebar-style":"default","ast-global-header-display":"","ast-banner-title-visibility":"","ast-main-header-display":"","ast-hfb-above-header-display":"","ast-hfb-below-header-display":"","ast-hfb-mobile-header-display":"","site-post-title":"disabled","ast-breadcrumbs-content":"","ast-featured-img":"disabled","footer-sml-layout":"","theme-transparent-header-meta":"","adv-header-id-meta":"","stick-header-meta":"","header-above-stick-meta":"","header-main-stick-meta":"","header-below-stick-meta":"","astra-migrate-meta-layouts":"default","ast-page-background-enabled":"default","ast-page-background-meta":{"desktop":{"background-color":"var(--ast-global-color-4)","background-image":"","background-repeat":"repeat","background-position":"center center","background-size":"auto","background-attachment":"scroll","background-type":"","background-media":"","overlay-type":"","overlay-color":"","overlay-opacity":"","overlay-gradient":""},"tablet":{"background-color":"","background-image":"","background-repeat":"repeat","background-position":"center center","background-size":"auto","background-attachment":"scroll","background-type":"","background-media":"","overlay-type":"","overlay-color":"","overlay-opacity":"","overlay-gradient":""},"mobile":{"background-color":"","background-image":"","background-repeat":"repeat","background-position":"center center","background-size":"auto","background-attachment":"scroll","background-type":"","background-media":"","overlay-type":"","overlay-color":"","overlay-opacity":"","overlay-gradient":""}},"ast-content-background-meta":{"desktop":{"background-color":"var(--ast-global-color-5)","background-image":"","background-repeat":"repeat","background-position":"center center","background-size":"auto","background-attachment":"scroll","background-type":"","background-media":"","overlay-type":"","overlay-color":"","overlay-opacity":"","overlay-gradient":""},"tablet":{"background-color":"var(--ast-global-color-5)","background-image":"","background-repeat":"repeat","background-position":"center center","background-size":"auto","background-attachment":"scroll","background-type":"","background-media":"","overlay-type":"","overlay-color":"","overlay-opacity":"","overlay-gradient":""},"mobile":{"background-color":"var(--ast-global-color-5)","background-image":"","background-repeat":"repeat","background-position":"center center","background-size":"auto","background-attachment":"scroll","background-type":"","background-media":"","overlay-type":"","overlay-color":"","overlay-opacity":"","overlay-gradient":""}},"footnotes":""},"class_list":["post-773","page","type-page","status-publish","hentry"],"_links":{"self":[{"href":"https:\/\/onag.semujer.gob.hn\/index.php?rest_route=\/wp\/v2\/pages\/773","targetHints":{"allow":["GET"]}}],"collection":[{"href":"https:\/\/onag.semujer.gob.hn\/index.php?rest_route=\/wp\/v2\/pages"}],"about":[{"href":"https:\/\/onag.semujer.gob.hn\/index.php?rest_route=\/wp\/v2\/types\/page"}],"author":[{"embeddable":true,"href":"https:\/\/onag.semujer.gob.hn\/index.php?rest_route=\/wp\/v2\/users\/1"}],"replies":[{"embeddable":true,"href":"https:\/\/onag.semujer.gob.hn\/index.php?rest_route=%2Fwp%2Fv2%2Fcomments&post=773"}],"version-history":[{"count":16,"href":"https:\/\/onag.semujer.gob.hn\/index.php?rest_route=\/wp\/v2\/pages\/773\/revisions"}],"predecessor-version":[{"id":1119,"href":"https:\/\/onag.semujer.gob.hn\/index.php?rest_route=\/wp\/v2\/pages\/773\/revisions\/1119"}],"wp:attachment":[{"href":"https:\/\/onag.semujer.gob.hn\/index.php?rest_route=%2Fwp%2Fv2%2Fmedia&parent=773"}],"curies":[{"name":"wp","href":"https:\/\/api.w.org\/{rel}","templated":true}]}}