{"id":769,"date":"2025-01-21T23:53:16","date_gmt":"2025-01-21T22:53:16","guid":{"rendered":"https:\/\/onag.semujer.gob.hn\/?page_id=769"},"modified":"2025-01-31T03:35:04","modified_gmt":"2025-01-31T02:35:04","slug":"autonomia-economica","status":"publish","type":"page","link":"https:\/\/onag.semujer.gob.hn\/?page_id=769","title":{"rendered":"Autonom\u00eda Econ\u00f3mica"},"content":{"rendered":"\t\t<div data-elementor-type=\"wp-page\" data-elementor-id=\"769\" class=\"elementor elementor-769\">\n\t\t\t\t<div class=\"elementor-element elementor-element-8398c28 e-flex e-con-boxed wpr-particle-no wpr-jarallax-no wpr-parallax-no wpr-sticky-section-no e-con e-parent\" data-id=\"8398c28\" data-element_type=\"container\">\n\t\t\t\t\t<div class=\"e-con-inner\">\n\t\t\t\t<div class=\"elementor-element elementor-element-09f2850 elementor-widget elementor-widget-heading\" data-id=\"09f2850\" data-element_type=\"widget\" data-widget_type=\"heading.default\">\n\t\t\t\t<div class=\"elementor-widget-container\">\n\t\t\t\t\t<h2 class=\"elementor-heading-title elementor-size-default\">Autonom\u00eda Econ\u00f3mica<\/h2>\t\t\t\t<\/div>\n\t\t\t\t<\/div>\n\t\t\t\t\t<\/div>\n\t\t\t\t<\/div>\n\t\t<div class=\"elementor-element elementor-element-cf5caf2 e-flex e-con-boxed wpr-particle-no wpr-jarallax-no wpr-parallax-no wpr-sticky-section-no e-con e-parent\" data-id=\"cf5caf2\" data-element_type=\"container\">\n\t\t\t\t\t<div class=\"e-con-inner\">\n\t\t\t\t<div class=\"elementor-element elementor-element-e1037ad elementor-widget elementor-widget-text-editor\" data-id=\"e1037ad\" data-element_type=\"widget\" data-widget_type=\"text-editor.default\">\n\t\t\t\t<div class=\"elementor-widget-container\">\n\t\t\t\t\t\t\t\t\t<p>Conjunto de indicadores que reflejan la desigualdad en las brechas existentes entre hombres y mujeres en el mercado laboral.<\/p><p>\u00a0<\/p>\t\t\t\t\t\t\t\t<\/div>\n\t\t\t\t<\/div>\n\t\t\t\t\t<\/div>\n\t\t\t\t<\/div>\n\t\t<div class=\"elementor-element elementor-element-695430c e-con-full e-flex wpr-particle-no wpr-jarallax-no wpr-parallax-no wpr-sticky-section-no e-con e-parent\" data-id=\"695430c\" data-element_type=\"container\">\n\t\t\t\t<div class=\"elementor-element elementor-element-4952cc6 elementor-widget elementor-widget-html\" data-id=\"4952cc6\" data-element_type=\"widget\" data-widget_type=\"html.default\">\n\t\t\t\t<div class=\"elementor-widget-container\">\n\t\t\t\t\t        <link rel=\"preload\" onload=\"this.rel = 'stylesheet'\" as=\"style\" href=\"https:\/\/omm.semujer.gob.hn\/assets\/css\/bootstrap.min.css\">\r\n    <link rel=\"preload\" onload=\"this.rel = 'stylesheet'\" as=\"style\" href=\"https:\/\/omm.semujer.gob.hn\/assets\/css\/fonts.min.css\">\r\n    <link rel=\"preload\" onload=\"this.rel = 'stylesheet'\" as=\"style\" href=\"https:\/\/omm.semujer.gob.hn\/assets\/css\/style.min.css\">\r\n    <link rel=\"preload\" onload=\"this.rel = 'stylesheet'\" as=\"style\" href=\"https:\/\/omm.semujer.gob.hn\/assets\/css\/mystyle.min.css\">\r\n    <link rel=\"preload\" onload=\"this.rel = 'stylesheet'\" as=\"style\" href=\"https:\/\/cdn.jsdelivr.net\/npm\/select2@4.1.0-rc.0\/dist\/css\/select2.min.css\"\/>\r\n    <!-- Stylesheets-->\r\n    <link rel=\"stylesheet\" type=\"text\/css\"\r\n          href=\"\/\/fonts.googleapis.com\/css?family=Work+Sans:300,700,800%7COswald:300,400,500&font-display=swap\">\r\n    <link rel=\"stylesheet\" href=\"https:\/\/omm.semujer.gob.hn\/assets\/css\/bootstrap.min.css\">\r\n    <link rel=\"stylesheet\" href=\"https:\/\/omm.semujer.gob.hn\/assets\/css\/fonts.min.css\">\r\n    <link rel=\"stylesheet\" href=\"https:\/\/omm.semujer.gob.hn\/assets\/css\/style.min.css\">\r\n    <link rel=\"stylesheet\" href=\"https:\/\/omm.semujer.gob.hn\/assets\/css\/mystyle.min.css\">\r\n\r\n    <!-- Select2 -->\r\n    <link href=\"https:\/\/cdn.jsdelivr.net\/npm\/select2@4.1.0-rc.0\/dist\/css\/select2.min.css\"\/>\r\n    <link href=\"https:\/\/cdn.jsdelivr.net\/npm\/select2@4.1.0-rc.0\/dist\/css\/select2.min.css\" rel=\"stylesheet\"\/>\r\n    \r\n    <section class=\"section mt-2\">\r\n        <div class=\"container sombreado-formulario\">\r\n            <div class=\"contenedor-formulario-informacion\">\r\n                <h4 class=\"Raleway azul\">Filtros de b\u00fasqueda<\/h4>\r\n                <p>\r\n                    Seleccione filtros de b\u00fasqueda.\r\n                <\/p>\r\n                <div class=\"cell-xl-12 align-self-center\">\r\n                    <div class=\"row\">\r\n                        <div class=\"col-lg-12 cell-inner\">\r\n                            <form class=\"rd-form\"\r\n                                  data-form-output=\"form-output-global\"\r\n                                  data-form-type=\"contact\"\r\n                                                                    novalidate=\"novalidate\"\r\n                                  id=\"formularioFiltros\"\r\n                                  method=\"get\">\r\n                                <div class=\"row row-12\">\r\n    <div class=\"col-lg-12 col-md-12 col-sm-12 columnaFiltro\" id=\"indicadorColumna\">\r\n        <div class=\"form-wrap fadeSlideInUp has-error\" style=\"visibility:\r\n        visible; animation-name: fadeSlideInUp;\">\r\n            <label for=\"indicador_slug\">\r\n                Indicador\r\n            <\/label>\r\n            <select\r\n                id=\"indicador_slug\"\r\n                name=\"indicador_slug\"\r\n                class=\"form-control w-100\"\r\n            >\r\n                <option disabled hidden> Seleccione indicador <\/option>\r\n                                    <option value=\"tasa-de-participacion-de-mujeres-en-el-mercado-laboral\"\r\n                            data-fuente-indicador=\"Encuesta Permanente de Hogares de Prop\u00f3sitos M\u00faltiples - INE\"\r\n                            id=\"option-tasa-de-participacion-de-mujeres-en-el-mercado-laboral\"\r\n                    >\r\n                        Tasa de Participaci\u00f3n en el Mercado Laboral\r\n                    <\/option>\r\n                                    <option value=\"tasa-de-desempleo-de-mujeres-y-hombres\"\r\n                            data-fuente-indicador=\"Encuesta Permanente de Hogares de Prop\u00f3sitos M\u00faltiples - INE\"\r\n                            id=\"option-tasa-de-desempleo-de-mujeres-y-hombres\"\r\n                    >\r\n                        Tasa de Desempleo\r\n                    <\/option>\r\n                                    <option value=\"tasa-de-desempleo-abierto\"\r\n                            data-fuente-indicador=\"Encuesta Permanente de Hogares de Prop\u00f3sitos M\u00faltiples - INE\"\r\n                            id=\"option-tasa-de-desempleo-abierto\"\r\n                    >\r\n                        Tasa de Desempleo Abierto\r\n                    <\/option>\r\n                                    <option value=\"tasa-de-subempleo-visible\"\r\n                            data-fuente-indicador=\"Encuesta Permanente de Hogares de Prop\u00f3sitos M\u00faltiples - INE\"\r\n                            id=\"option-tasa-de-subempleo-visible\"\r\n                    >\r\n                        Tasa de Subempleo Visible\r\n                    <\/option>\r\n                                    <option value=\"tasa-de-subempleo-invisible\"\r\n                            data-fuente-indicador=\"Encuesta Permanente de Hogares de Prop\u00f3sitos M\u00faltiples - INE\"\r\n                            id=\"option-tasa-de-subempleo-invisible\"\r\n                    >\r\n                        Tasa de Subempleo Invisible\r\n                    <\/option>\r\n                                    <option value=\"distribucion-de-la-poblacion-economicamente-activa-de-10-anios-y-mas\"\r\n                            data-fuente-indicador=\"Encuesta Permanente de Hogares de Prop\u00f3sitos M\u00faltiples - INE\"\r\n                            id=\"option-distribucion-de-la-poblacion-economicamente-activa-de-10-anios-y-mas\"\r\n                    >\r\n                        Distribuci\u00f3n de la Poblaci\u00f3n Econ\u00f3micamente Activa de 10 a\u00f1os y M\u00e1s\r\n                    <\/option>\r\n                                    <option value=\"tasa-de-actividad-domestica-\"\r\n                            data-fuente-indicador=\"Encuesta Permanente de Hogares de Prop\u00f3sitos M\u00faltiples - INE\"\r\n                            id=\"option-tasa-de-actividad-domestica-\"\r\n                    >\r\n                        Tasa de Actividad Domestica\r\n                    <\/option>\r\n                                    <option value=\"tasa-de-participacion-economica-en-la-actividad-economica-de-la-poblacion-de-10-anios-y-mas\"\r\n                            data-fuente-indicador=\"Proyecciones de Poblaci\u00f3n, Instituto Nacional de Estad\u00edsticas.\"\r\n                            id=\"option-tasa-de-participacion-economica-en-la-actividad-economica-de-la-poblacion-de-10-anios-y-mas\"\r\n                    >\r\n                        Tasa de Participaci\u00f3n en la Actividad Econ\u00f3mica de la Poblaci\u00f3n de 10 a\u00f1os y M\u00e1s\r\n                    <\/option>\r\n                                    <option value=\"poblacion-desalentada\"\r\n                            data-fuente-indicador=\"Encuesta Permanente de Hogares de Prop\u00f3sitos M\u00faltiples - INE\"\r\n                            id=\"option-poblacion-desalentada\"\r\n                    >\r\n                        Poblaci\u00f3n Desalentada\r\n                    <\/option>\r\n                                    <option value=\"composicion-por-sexo-de-la-poblacion-ocupada-segun-actividad-economica\"\r\n                            data-fuente-indicador=\"Encuesta Permanente de Hogares de Prop\u00f3sitos M\u00faltiples - INE\"\r\n                            id=\"option-composicion-por-sexo-de-la-poblacion-ocupada-segun-actividad-economica\"\r\n                    >\r\n                        Composici\u00f3n por Sexo de la Poblaci\u00f3n Ocupada Seg\u00fan Actividad Econ\u00f3mica\r\n                    <\/option>\r\n                                    <option value=\"porcentaje-de-mujeres-y-hombres-en-cargos-directivos-segun-rama-de-actividad-y-ocupacion\"\r\n                            data-fuente-indicador=\"Encuesta Permanente de Hogares de Prop\u00f3sitos M\u00faltiples - INE\"\r\n                            id=\"option-porcentaje-de-mujeres-y-hombres-en-cargos-directivos-segun-rama-de-actividad-y-ocupacion\"\r\n                    >\r\n                        Porcentaje de Mujeres y Hombres en Cargos Directivos\r\n                    <\/option>\r\n                                    <option value=\"poblacion-en-edad-de-trabajar\"\r\n                            data-fuente-indicador=\"Encuesta Permanente de Hogares de Prop\u00f3sitos M\u00faltiples - INE\"\r\n                            id=\"option-poblacion-en-edad-de-trabajar\"\r\n                    >\r\n                        Poblaci\u00f3n en Edad de Trabajar &quot;PET&quot;\r\n                    <\/option>\r\n                                    <option value=\"poblacion-economicamente-activa\"\r\n                            data-fuente-indicador=\"Encuesta Permanente de Hogares de Prop\u00f3sitos M\u00faltiples - INE\"\r\n                            id=\"option-poblacion-economicamente-activa\"\r\n                    >\r\n                        Poblaci\u00f3n Econ\u00f3micamente Activa &quot;PEA&quot;\r\n                    <\/option>\r\n                                    <option value=\"poblacion-asalariada-por-sector\"\r\n                            data-fuente-indicador=\"Encuesta Permanente de Hogares de Prop\u00f3sitos M\u00faltiples - INE\"\r\n                            id=\"option-poblacion-asalariada-por-sector\"\r\n                    >\r\n                        Poblaci\u00f3n Asalariada Por Sector\r\n                    <\/option>\r\n                                    <option value=\"poblacion-ocupada-segun-categoria-ocupacional\"\r\n                            data-fuente-indicador=\"Encuesta Permanente de Hogares de Prop\u00f3sitos M\u00faltiples - INE\"\r\n                            id=\"option-poblacion-ocupada-segun-categoria-ocupacional\"\r\n                    >\r\n                        Poblaci\u00f3n Ocupada seg\u00fan categor\u00eda ocupacional\r\n                    <\/option>\r\n                                    <option value=\"poblacion-juvenil-12a-30-anios-en-el-mercado-laboral\"\r\n                            data-fuente-indicador=\"Encuesta Permanente de Hogares de Prop\u00f3sitos M\u00faltiples - INE\"\r\n                            id=\"option-poblacion-juvenil-12a-30-anios-en-el-mercado-laboral\"\r\n                    >\r\n                        Poblaci\u00f3n Juvenil ( 12 a 30 a\u00f1os) en el Mercado Laboral\r\n                    <\/option>\r\n                            <\/select>\r\n        <\/div>\r\n    <\/div>\r\n    <div class=\"col-lg-4 col-md-4 col-sm-6 columnaFiltro\" id=\"desagregacionColumna\">\r\n        <div class=\"form-wrap fadeSlideInUp has-error\" style=\"visibility:\r\n        visible; animation-name: fadeSlideInUp;\">\r\n            <label for=\"desagregacion_id\">\r\n                Desagregaci\u00f3n\r\n            <\/label>\r\n            <select\r\n                id=\"desagregacion_id\"\r\n                name=\"desagregacion_id\"\r\n                class=\"form-control w-100\"\r\n            >\r\n                <option disabled hidden> Seleccione indicador <\/option>\r\n                                    <option value=\"5\">\r\n                        Grupo de Edad\r\n                    <\/option>\r\n                                    <option value=\"7\">\r\n                        Por Sexo\r\n                    <\/option>\r\n                            <\/select>\r\n        <\/div>\r\n    <\/div>\r\n            <div class=\"col-lg-3 col-md-3 col-sm-6 columnaFiltro\r\n                \"\r\n             id=\"anioColumna\">\r\n            <div class=\"form-wrap fadeSlideInUp has-error\"\r\n                 style=\"visibility: visible; animation-name: fadeSlideInUp;\">\r\n                <label for=\"anio_id\">\r\n                    A\u00f1o\/s\r\n                <\/label>\r\n                <select\r\n                    id=\"anio_id\"\r\n                    name=\"anio_id[]\"\r\n                    class=\"form-control w-100\"\r\n                    multiple=\"multiple\"\r\n                >\r\n                    <option disabled> Seleccione a\u00f1o <\/option>\r\n                                    <\/select>\r\n            <\/div>\r\n        <\/div>\r\n                    <div class=\"col-lg-4 col-md-4 col-sm-6 d-none columnaFiltro\" id=\"departamentoColumna\">\r\n            <div class=\"form-wrap fadeSlideInUp has-error\"\r\n                 style=\"visibility: visible; animation-name: fadeSlideInUp;\">\r\n                <label for=\"departamento_id\">\r\n                    Departamento\r\n                <\/label>\r\n                <select\r\n                    id=\"departamento_id\"\r\n                    name=\"departamento_id[]\"\r\n                    class=\"form-control w-100\"\r\n                    multiple=\"multiple\"\r\n                >\r\n                                            <option value=\"1\">\r\n                            Atl\u00e1ntida\r\n                        <\/option>\r\n                                            <option value=\"2\">\r\n                            Col\u00f3n\r\n                        <\/option>\r\n                                            <option value=\"3\">\r\n                            Comayagua\r\n                        <\/option>\r\n                                            <option value=\"4\">\r\n                            Cop\u00e1n\r\n                        <\/option>\r\n                                            <option value=\"5\">\r\n                            Cort\u00e9s\r\n                        <\/option>\r\n                                            <option value=\"6\">\r\n                            Choluteca\r\n                        <\/option>\r\n                                            <option value=\"7\">\r\n                            El Para\u00edso\r\n                        <\/option>\r\n                                            <option value=\"8\">\r\n                            Francisco Moraz\u00e1n\r\n                        <\/option>\r\n                                            <option value=\"9\">\r\n                            Gracias a Dios\r\n                        <\/option>\r\n                                            <option value=\"10\">\r\n                            Intibuc\u00e1\r\n                        <\/option>\r\n                                            <option value=\"11\">\r\n                            Islas de Bah\u00eda\r\n                        <\/option>\r\n                                            <option value=\"12\">\r\n                            La Paz\r\n                        <\/option>\r\n                                            <option value=\"13\">\r\n                            Lempira\r\n                        <\/option>\r\n                                            <option value=\"14\">\r\n                            Ocotepeque\r\n                        <\/option>\r\n                                            <option value=\"15\">\r\n                            Olancho\r\n                        <\/option>\r\n                                            <option value=\"16\">\r\n                            Santa B\u00e1rbara\r\n                        <\/option>\r\n                                            <option value=\"17\">\r\n                            Valle\r\n                        <\/option>\r\n                                            <option value=\"18\">\r\n                            Yoro\r\n                        <\/option>\r\n                                    <\/select>\r\n            <\/div>\r\n        <\/div>\r\n                    <div class=\"col-3 d-none columnaFiltro\" id=\"checkboxColumna\">\r\n        <label class=\"form-check-label\" for=\"grafico_porcentual\">\r\n            Mostrar porcentaje\r\n        <\/label>\r\n        <div class=\"custom-control form-control-lg custom-checkbox\">\r\n            <input type=\"checkbox\" class=\"custom-control-input\" name=\"porcentaje\" id=\"grafico_porcentual\">\r\n            <label class=\"custom-control-label\" for=\"grafico_porcentual\"><\/label>\r\n        <\/div>\r\n    <\/div>\r\n    <div class=\"col-12 boton-informacion wow-outer\">\r\n        <button class=\"button button-primary button-winona wow slideInRight float-right button-sm\">\r\n            Consultar\r\n        <\/button>\r\n    <\/div>\r\n<\/div>\r\n                            <\/form>\r\n                        <\/div>\r\n                        <input type=\"hidden\" id=\"categoriaSlug\" value=\"economia\">\r\n                    <\/div>\r\n                <\/div>\r\n\r\n            <\/div>\r\n        <\/div>\r\n    <\/section>\r\n    <br>\r\n    <section class=\"section mt-1 mb-5\">\r\n        <div class=\"container\">\r\n            \r\n            <div class=\"cell-xl-12 align-self-center\">\r\n                <div id=\"contenido\" class=\"row\">\r\n                <\/div>\r\n            <\/div>\r\n        <\/div>\r\n    <\/section>\r\n    <br>\t\t\t\t<\/div>\n\t\t\t\t<\/div>\n\t\t\t\t<\/div>\n\t\t\t\t<\/div>\n\t\t","protected":false},"excerpt":{"rendered":"<p>Autonom\u00eda Econ\u00f3mica Conjunto de indicadores que reflejan la desigualdad en las brechas existentes entre hombres y mujeres en el mercado laboral. \u00a0 Filtros de b\u00fasqueda Seleccione filtros de b\u00fasqueda. Indicador Seleccione indicador Tasa de Participaci\u00f3n en el Mercado Laboral Tasa de Desempleo Tasa de Desempleo Abierto Tasa de Subempleo Visible Tasa de Subempleo Invisible Distribuci\u00f3n de la Poblaci\u00f3n Econ\u00f3micamente Activa de 10 a\u00f1os y M\u00e1s Tasa de Actividad Domestica Tasa de Participaci\u00f3n en la Actividad Econ\u00f3mica de la Poblaci\u00f3n de 10 a\u00f1os y M\u00e1s Poblaci\u00f3n Desalentada Composici\u00f3n por Sexo de la Poblaci\u00f3n Ocupada Seg\u00fan Actividad Econ\u00f3mica Porcentaje de Mujeres y Hombres en Cargos Directivos Poblaci\u00f3n en Edad de Trabajar &quot;PET&quot; Poblaci\u00f3n Econ\u00f3micamente Activa &quot;PEA&quot; Poblaci\u00f3n Asalariada Por Sector Poblaci\u00f3n Ocupada seg\u00fan categor\u00eda ocupacional Poblaci\u00f3n Juvenil ( 12 a 30 a\u00f1os) en el Mercado Laboral Desagregaci\u00f3n Seleccione indicador Grupo de Edad Por Sexo A\u00f1o\/s Seleccione a\u00f1o Departamento Atl\u00e1ntida Col\u00f3n Comayagua Cop\u00e1n Cort\u00e9s Choluteca El Para\u00edso Francisco Moraz\u00e1n Gracias a Dios Intibuc\u00e1 Islas de Bah\u00eda La Paz Lempira Ocotepeque Olancho Santa B\u00e1rbara Valle Yoro Mostrar porcentaje Consultar<\/p>\n","protected":false},"author":1,"featured_media":0,"parent":0,"menu_order":0,"comment_status":"closed","ping_status":"closed","template":"","meta":{"site-sidebar-layout":"no-sidebar","site-content-layout":"","ast-site-content-layout":"full-width-container","site-content-style":"default","site-sidebar-style":"default","ast-global-header-display":"","ast-banner-title-visibility":"","ast-main-header-display":"","ast-hfb-above-header-display":"","ast-hfb-below-header-display":"","ast-hfb-mobile-header-display":"","site-post-title":"disabled","ast-breadcrumbs-content":"","ast-featured-img":"disabled","footer-sml-layout":"","theme-transparent-header-meta":"","adv-header-id-meta":"","stick-header-meta":"","header-above-stick-meta":"","header-main-stick-meta":"","header-below-stick-meta":"","astra-migrate-meta-layouts":"default","ast-page-background-enabled":"default","ast-page-background-meta":{"desktop":{"background-color":"var(--ast-global-color-4)","background-image":"","background-repeat":"repeat","background-position":"center center","background-size":"auto","background-attachment":"scroll","background-type":"","background-media":"","overlay-type":"","overlay-color":"","overlay-opacity":"","overlay-gradient":""},"tablet":{"background-color":"","background-image":"","background-repeat":"repeat","background-position":"center center","background-size":"auto","background-attachment":"scroll","background-type":"","background-media":"","overlay-type":"","overlay-color":"","overlay-opacity":"","overlay-gradient":""},"mobile":{"background-color":"","background-image":"","background-repeat":"repeat","background-position":"center center","background-size":"auto","background-attachment":"scroll","background-type":"","background-media":"","overlay-type":"","overlay-color":"","overlay-opacity":"","overlay-gradient":""}},"ast-content-background-meta":{"desktop":{"background-color":"var(--ast-global-color-5)","background-image":"","background-repeat":"repeat","background-position":"center center","background-size":"auto","background-attachment":"scroll","background-type":"","background-media":"","overlay-type":"","overlay-color":"","overlay-opacity":"","overlay-gradient":""},"tablet":{"background-color":"var(--ast-global-color-5)","background-image":"","background-repeat":"repeat","background-position":"center center","background-size":"auto","background-attachment":"scroll","background-type":"","background-media":"","overlay-type":"","overlay-color":"","overlay-opacity":"","overlay-gradient":""},"mobile":{"background-color":"var(--ast-global-color-5)","background-image":"","background-repeat":"repeat","background-position":"center center","background-size":"auto","background-attachment":"scroll","background-type":"","background-media":"","overlay-type":"","overlay-color":"","overlay-opacity":"","overlay-gradient":""}},"footnotes":""},"class_list":["post-769","page","type-page","status-publish","hentry"],"_links":{"self":[{"href":"https:\/\/onag.semujer.gob.hn\/index.php?rest_route=\/wp\/v2\/pages\/769","targetHints":{"allow":["GET"]}}],"collection":[{"href":"https:\/\/onag.semujer.gob.hn\/index.php?rest_route=\/wp\/v2\/pages"}],"about":[{"href":"https:\/\/onag.semujer.gob.hn\/index.php?rest_route=\/wp\/v2\/types\/page"}],"author":[{"embeddable":true,"href":"https:\/\/onag.semujer.gob.hn\/index.php?rest_route=\/wp\/v2\/users\/1"}],"replies":[{"embeddable":true,"href":"https:\/\/onag.semujer.gob.hn\/index.php?rest_route=%2Fwp%2Fv2%2Fcomments&post=769"}],"version-history":[{"count":13,"href":"https:\/\/onag.semujer.gob.hn\/index.php?rest_route=\/wp\/v2\/pages\/769\/revisions"}],"predecessor-version":[{"id":936,"href":"https:\/\/onag.semujer.gob.hn\/index.php?rest_route=\/wp\/v2\/pages\/769\/revisions\/936"}],"wp:attachment":[{"href":"https:\/\/onag.semujer.gob.hn\/index.php?rest_route=%2Fwp%2Fv2%2Fmedia&parent=769"}],"curies":[{"name":"wp","href":"https:\/\/api.w.org\/{rel}","templated":true}]}}