{"id":767,"date":"2025-01-21T23:59:16","date_gmt":"2025-01-21T22:59:16","guid":{"rendered":"https:\/\/onag.semujer.gob.hn\/?page_id=767"},"modified":"2025-01-30T00:04:24","modified_gmt":"2025-01-29T23:04:24","slug":"educacion","status":"publish","type":"page","link":"https:\/\/onag.semujer.gob.hn\/?page_id=767","title":{"rendered":"Educaci\u00f3n"},"content":{"rendered":"\t\t<div data-elementor-type=\"wp-page\" data-elementor-id=\"767\" class=\"elementor elementor-767\">\n\t\t\t\t<div class=\"elementor-element elementor-element-8398c28 e-flex e-con-boxed wpr-particle-no wpr-jarallax-no wpr-parallax-no wpr-sticky-section-no e-con e-parent\" data-id=\"8398c28\" data-element_type=\"container\">\n\t\t\t\t\t<div class=\"e-con-inner\">\n\t\t\t\t<div class=\"elementor-element elementor-element-09f2850 elementor-widget elementor-widget-heading\" data-id=\"09f2850\" data-element_type=\"widget\" data-widget_type=\"heading.default\">\n\t\t\t\t<div class=\"elementor-widget-container\">\n\t\t\t\t\t<h2 class=\"elementor-heading-title elementor-size-default\">Educaci\u00f3n<\/h2>\t\t\t\t<\/div>\n\t\t\t\t<\/div>\n\t\t\t\t\t<\/div>\n\t\t\t\t<\/div>\n\t\t<div class=\"elementor-element elementor-element-cf5caf2 e-flex e-con-boxed wpr-particle-no wpr-jarallax-no wpr-parallax-no wpr-sticky-section-no e-con e-parent\" data-id=\"cf5caf2\" data-element_type=\"container\">\n\t\t\t\t\t<div class=\"e-con-inner\">\n\t\t\t\t<div class=\"elementor-element elementor-element-e1037ad elementor-widget elementor-widget-text-editor\" data-id=\"e1037ad\" data-element_type=\"widget\" data-widget_type=\"text-editor.default\">\n\t\t\t\t<div class=\"elementor-widget-container\">\n\t\t\t\t\t\t\t\t\t<p>Conjunto de indicadores que brindan informaci\u00f3n de la distribuci\u00f3n desigual de hombres y mujeres en los distintos niveles educativos.<\/p>\t\t\t\t\t\t\t\t<\/div>\n\t\t\t\t<\/div>\n\t\t\t\t\t<\/div>\n\t\t\t\t<\/div>\n\t\t<div class=\"elementor-element elementor-element-695430c e-con-full e-flex wpr-particle-no wpr-jarallax-no wpr-parallax-no wpr-sticky-section-no e-con e-parent\" data-id=\"695430c\" data-element_type=\"container\">\n\t\t\t\t<div class=\"elementor-element elementor-element-4952cc6 elementor-widget elementor-widget-html\" data-id=\"4952cc6\" data-element_type=\"widget\" data-widget_type=\"html.default\">\n\t\t\t\t<div class=\"elementor-widget-container\">\n\t\t\t\t\t  <section class=\"section mt-2\">\r\n        <div class=\"container sombreado-formulario\">\r\n            <div class=\"contenedor-formulario-informacion\">\r\n                <h4 class=\"Raleway azul\">Filtros de b\u00fasqueda<\/h4>\r\n                <p>\r\n                    Seleccione filtros de b\u00fasqueda.\r\n                <\/p>\r\n                <div class=\"cell-xl-12 align-self-center\">\r\n                    <div class=\"row\">\r\n                        <div class=\"col-lg-12 cell-inner\">\r\n                            <form class=\"rd-form\"\r\n                                  data-form-output=\"form-output-global\"\r\n                                  data-form-type=\"contact\"\r\n                                                                    novalidate=\"novalidate\"\r\n                                  id=\"formularioFiltros\"\r\n                                  method=\"get\">\r\n                                <div class=\"row row-12\">\r\n    <div class=\"col-lg-12 col-md-12 col-sm-12 columnaFiltro\" id=\"indicadorColumna\">\r\n        <div class=\"form-wrap fadeSlideInUp has-error\" style=\"visibility:\r\n        visible; animation-name: fadeSlideInUp;\">\r\n            <label for=\"indicador_slug\">\r\n                Indicador\r\n            <\/label>\r\n            <select\r\n                id=\"indicador_slug\"\r\n                name=\"indicador_slug\"\r\n                class=\"form-control w-100\"\r\n            >\r\n                <option disabled hidden> Seleccione indicador <\/option>\r\n                                    <option value=\"gasto-publico-en-educacion-como-porcentaje-del-gasto-total-del-estado\"\r\n                            data-fuente-indicador=\"Registros Administrativos - Secretar\u00eda de Educaci\u00f3n de Honduras\"\r\n                            id=\"option-gasto-publico-en-educacion-como-porcentaje-del-gasto-total-del-estado\"\r\n                    >\r\n                        Gasto P\u00fablico en Educaci\u00f3n como Porcentaje del Gasto Total del Estado\r\n                    <\/option>\r\n                                    <option value=\"gasto-publico-en-educacion-como-porcentaje-del-pib\"\r\n                            data-fuente-indicador=\"Registros Administrativos - Secretar\u00eda de Educaci\u00f3n de Honduras\"\r\n                            id=\"option-gasto-publico-en-educacion-como-porcentaje-del-pib\"\r\n                    >\r\n                        Gasto P\u00fablico en Educaci\u00f3n como Porcentaje del PIB\r\n                    <\/option>\r\n                                    <option value=\"taza-de-finalizacion-neta-del-sexto-grado-de-ninas-y-ninos\"\r\n                            data-fuente-indicador=\"Registros Administrativos - Secretar\u00eda de Educaci\u00f3n de Honduras\"\r\n                            id=\"option-taza-de-finalizacion-neta-del-sexto-grado-de-ninas-y-ninos\"\r\n                    >\r\n                        Tasa de Finalizaci\u00f3n Neta del Sexto Grado de Ni\u00f1as y Ni\u00f1os\r\n                    <\/option>\r\n                                    <option value=\"tasa-de-analfabetismo\"\r\n                            data-fuente-indicador=\"Encuesta Permanente de Hogares de Prop\u00f3sitos M\u00faltiples - INE\"\r\n                            id=\"option-tasa-de-analfabetismo\"\r\n                    >\r\n                        Tasa de Analfabetismo\r\n                    <\/option>\r\n                                    <option value=\"tasa-de-desercion\"\r\n                            data-fuente-indicador=\"Registros Administrativos - Secretar\u00eda de Educaci\u00f3n de Honduras\"\r\n                            id=\"option-tasa-de-desercion\"\r\n                    >\r\n                        Tasa de Deserci\u00f3n Escolar\r\n                    <\/option>\r\n                                    <option value=\"numero-de-ninas-y-ninos-que-culminan-sus-estudios-en-el-sistema-de-educacion-intercultural-bilingue\"\r\n                            data-fuente-indicador=\"Registros Administrativos - Secretar\u00eda de Educaci\u00f3n de Honduras\"\r\n                            id=\"option-numero-de-ninas-y-ninos-que-culminan-sus-estudios-en-el-sistema-de-educacion-intercultural-bilingue\"\r\n                    >\r\n                        N\u00famero de Ni\u00f1as y Ni\u00f1os que Culminan sus Estudios en el Sistema de Educaci\u00f3n Intercultural Biling\u00fce\r\n                    <\/option>\r\n                                    <option value=\"tasa-de-cobertura-poblacion-de-3-a-17-anios\"\r\n                            data-fuente-indicador=\"Encuesta Permanente de Hogares de Prop\u00f3sitos M\u00faltiples - INE\"\r\n                            id=\"option-tasa-de-cobertura-poblacion-de-3-a-17-anios\"\r\n                    >\r\n                        Tasa de Cobertura Poblaci\u00f3n de 3 a 17 a\u00f1os\r\n                    <\/option>\r\n                                    <option value=\"numero-de-personas-graduadas-de-educacion-media\"\r\n                            data-fuente-indicador=\"Registros Administrativos - Secretar\u00eda de Educaci\u00f3n de Honduras\"\r\n                            id=\"option-numero-de-personas-graduadas-de-educacion-media\"\r\n                    >\r\n                        N\u00famero de Personas Graduadas de Educaci\u00f3n Media\r\n                    <\/option>\r\n                                    <option value=\"tasa-de-repitencia-en-poblacion-de-6-a-15-anios\"\r\n                            data-fuente-indicador=\"Encuesta Permanente de Hogares de Prop\u00f3sitos M\u00faltiples - INE\"\r\n                            id=\"option-tasa-de-repitencia-en-poblacion-de-6-a-15-anios\"\r\n                    >\r\n                        Tasa de Repitencia en Poblaci\u00f3n de 6 a 15 a\u00f1os\r\n                    <\/option>\r\n                            <\/select>\r\n        <\/div>\r\n    <\/div>\r\n    <div class=\"col-lg-4 col-md-4 col-sm-6 columnaFiltro\" id=\"desagregacionColumna\">\r\n        <div class=\"form-wrap fadeSlideInUp has-error\" style=\"visibility:\r\n        visible; animation-name: fadeSlideInUp;\">\r\n            <label for=\"desagregacion_id\">\r\n                Desagregaci\u00f3n\r\n            <\/label>\r\n            <select\r\n                id=\"desagregacion_id\"\r\n                name=\"desagregacion_id\"\r\n                class=\"form-control w-100\"\r\n            >\r\n                <option disabled hidden> Seleccione indicador <\/option>\r\n                                    <option value=\"1\">\r\n                        Total Nacional\r\n                    <\/option>\r\n                            <\/select>\r\n        <\/div>\r\n    <\/div>\r\n            <div class=\"col-lg-3 col-md-3 col-sm-6 columnaFiltro\r\n                \"\r\n             id=\"anioColumna\">\r\n            <div class=\"form-wrap fadeSlideInUp has-error\"\r\n                 style=\"visibility: visible; animation-name: fadeSlideInUp;\">\r\n                <label for=\"anio_id\">\r\n                    A\u00f1o\/s\r\n                <\/label>\r\n                <select\r\n                    id=\"anio_id\"\r\n                    name=\"anio_id[]\"\r\n                    class=\"form-control w-100\"\r\n                    multiple=\"multiple\"\r\n                >\r\n                    <option disabled> Seleccione a\u00f1o <\/option>\r\n                                    <\/select>\r\n            <\/div>\r\n        <\/div>\r\n                    <div class=\"col-lg-4 col-md-4 col-sm-6 d-none columnaFiltro\" id=\"departamentoColumna\">\r\n            <div class=\"form-wrap fadeSlideInUp has-error\"\r\n                 style=\"visibility: visible; animation-name: fadeSlideInUp;\">\r\n                <label for=\"departamento_id\">\r\n                    Departamento\r\n                <\/label>\r\n                <select\r\n                    id=\"departamento_id\"\r\n                    name=\"departamento_id[]\"\r\n                    class=\"form-control w-100\"\r\n                    multiple=\"multiple\"\r\n                >\r\n                                            <option value=\"1\">\r\n                            Atl\u00e1ntida\r\n                        <\/option>\r\n                                            <option value=\"2\">\r\n                            Col\u00f3n\r\n                        <\/option>\r\n                                            <option value=\"3\">\r\n                            Comayagua\r\n                        <\/option>\r\n                                            <option value=\"4\">\r\n                            Cop\u00e1n\r\n                        <\/option>\r\n                                            <option value=\"5\">\r\n                            Cort\u00e9s\r\n                        <\/option>\r\n                                            <option value=\"6\">\r\n                            Choluteca\r\n                        <\/option>\r\n                                            <option value=\"7\">\r\n                            El Para\u00edso\r\n                        <\/option>\r\n                                            <option value=\"8\">\r\n                            Francisco Moraz\u00e1n\r\n                        <\/option>\r\n                                            <option value=\"9\">\r\n                            Gracias a Dios\r\n                        <\/option>\r\n                                            <option value=\"10\">\r\n                            Intibuc\u00e1\r\n                        <\/option>\r\n                                            <option value=\"11\">\r\n                            Islas de Bah\u00eda\r\n                        <\/option>\r\n                                            <option value=\"12\">\r\n                            La Paz\r\n                        <\/option>\r\n                                            <option value=\"13\">\r\n                            Lempira\r\n                        <\/option>\r\n                                            <option value=\"14\">\r\n                            Ocotepeque\r\n                        <\/option>\r\n                                            <option value=\"15\">\r\n                            Olancho\r\n                        <\/option>\r\n                                            <option value=\"16\">\r\n                            Santa B\u00e1rbara\r\n                        <\/option>\r\n                                            <option value=\"17\">\r\n                            Valle\r\n                        <\/option>\r\n                                            <option value=\"18\">\r\n                            Yoro\r\n                        <\/option>\r\n                                    <\/select>\r\n            <\/div>\r\n        <\/div>\r\n                    <div class=\"col-3 d-none columnaFiltro\" id=\"checkboxColumna\">\r\n        <label class=\"form-check-label\" for=\"grafico_porcentual\">\r\n            Mostrar porcentaje\r\n        <\/label>\r\n        <div class=\"custom-control form-control-lg custom-checkbox\">\r\n            <input type=\"checkbox\" class=\"custom-control-input\" name=\"porcentaje\" id=\"grafico_porcentual\">\r\n            <label class=\"custom-control-label\" for=\"grafico_porcentual\"><\/label>\r\n        <\/div>\r\n    <\/div>\r\n    <div class=\"col-12 boton-informacion wow-outer\">\r\n        <button class=\"button button-primary button-winona wow slideInRight float-right button-sm\">\r\n            Consultar\r\n        <\/button>\r\n    <\/div>\r\n<\/div>\r\n                            <\/form>\r\n                        <\/div>\r\n                        <input type=\"hidden\" id=\"categoriaSlug\" value=\"educacion\">\r\n                    <\/div>\r\n                <\/div>\r\n\r\n            <\/div>\r\n        <\/div>\r\n    <\/section>\r\n    <br>\r\n    <section class=\"section mt-1 mb-5\">\r\n        <div class=\"container\">\r\n            \r\n            <div class=\"cell-xl-12 align-self-center\">\r\n                <div id=\"contenido\" class=\"row\">\r\n                <\/div>\r\n            <\/div>\r\n        <\/div>\r\n    <\/section>\r\n    <br>\t\t\t\t<\/div>\n\t\t\t\t<\/div>\n\t\t\t\t<\/div>\n\t\t\t\t<\/div>\n\t\t","protected":false},"excerpt":{"rendered":"<p>Educaci\u00f3n Conjunto de indicadores que brindan informaci\u00f3n de la distribuci\u00f3n desigual de hombres y mujeres en los distintos niveles educativos. Filtros de b\u00fasqueda Seleccione filtros de b\u00fasqueda. Indicador Seleccione indicador Gasto P\u00fablico en Educaci\u00f3n como Porcentaje del Gasto Total del Estado Gasto P\u00fablico en Educaci\u00f3n como Porcentaje del PIB Tasa de Finalizaci\u00f3n Neta del Sexto Grado de Ni\u00f1as y Ni\u00f1os Tasa de Analfabetismo Tasa de Deserci\u00f3n Escolar N\u00famero de Ni\u00f1as y Ni\u00f1os que Culminan sus Estudios en el Sistema de Educaci\u00f3n Intercultural Biling\u00fce Tasa de Cobertura Poblaci\u00f3n de 3 a 17 a\u00f1os N\u00famero de Personas Graduadas de Educaci\u00f3n Media Tasa de Repitencia en Poblaci\u00f3n de 6 a 15 a\u00f1os Desagregaci\u00f3n Seleccione indicador Total Nacional A\u00f1o\/s Seleccione a\u00f1o Departamento Atl\u00e1ntida Col\u00f3n Comayagua Cop\u00e1n Cort\u00e9s Choluteca El Para\u00edso Francisco Moraz\u00e1n Gracias a Dios Intibuc\u00e1 Islas de Bah\u00eda La Paz Lempira Ocotepeque Olancho Santa B\u00e1rbara Valle Yoro Mostrar porcentaje Consultar<\/p>\n","protected":false},"author":1,"featured_media":0,"parent":0,"menu_order":0,"comment_status":"closed","ping_status":"closed","template":"","meta":{"site-sidebar-layout":"no-sidebar","site-content-layout":"","ast-site-content-layout":"full-width-container","site-content-style":"default","site-sidebar-style":"default","ast-global-header-display":"","ast-banner-title-visibility":"","ast-main-header-display":"","ast-hfb-above-header-display":"","ast-hfb-below-header-display":"","ast-hfb-mobile-header-display":"","site-post-title":"disabled","ast-breadcrumbs-content":"","ast-featured-img":"disabled","footer-sml-layout":"","theme-transparent-header-meta":"","adv-header-id-meta":"","stick-header-meta":"","header-above-stick-meta":"","header-main-stick-meta":"","header-below-stick-meta":"","astra-migrate-meta-layouts":"default","ast-page-background-enabled":"default","ast-page-background-meta":{"desktop":{"background-color":"var(--ast-global-color-4)","background-image":"","background-repeat":"repeat","background-position":"center center","background-size":"auto","background-attachment":"scroll","background-type":"","background-media":"","overlay-type":"","overlay-color":"","overlay-opacity":"","overlay-gradient":""},"tablet":{"background-color":"","background-image":"","background-repeat":"repeat","background-position":"center center","background-size":"auto","background-attachment":"scroll","background-type":"","background-media":"","overlay-type":"","overlay-color":"","overlay-opacity":"","overlay-gradient":""},"mobile":{"background-color":"","background-image":"","background-repeat":"repeat","background-position":"center center","background-size":"auto","background-attachment":"scroll","background-type":"","background-media":"","overlay-type":"","overlay-color":"","overlay-opacity":"","overlay-gradient":""}},"ast-content-background-meta":{"desktop":{"background-color":"var(--ast-global-color-5)","background-image":"","background-repeat":"repeat","background-position":"center center","background-size":"auto","background-attachment":"scroll","background-type":"","background-media":"","overlay-type":"","overlay-color":"","overlay-opacity":"","overlay-gradient":""},"tablet":{"background-color":"var(--ast-global-color-5)","background-image":"","background-repeat":"repeat","background-position":"center center","background-size":"auto","background-attachment":"scroll","background-type":"","background-media":"","overlay-type":"","overlay-color":"","overlay-opacity":"","overlay-gradient":""},"mobile":{"background-color":"var(--ast-global-color-5)","background-image":"","background-repeat":"repeat","background-position":"center center","background-size":"auto","background-attachment":"scroll","background-type":"","background-media":"","overlay-type":"","overlay-color":"","overlay-opacity":"","overlay-gradient":""}},"footnotes":""},"class_list":["post-767","page","type-page","status-publish","hentry"],"_links":{"self":[{"href":"https:\/\/onag.semujer.gob.hn\/index.php?rest_route=\/wp\/v2\/pages\/767","targetHints":{"allow":["GET"]}}],"collection":[{"href":"https:\/\/onag.semujer.gob.hn\/index.php?rest_route=\/wp\/v2\/pages"}],"about":[{"href":"https:\/\/onag.semujer.gob.hn\/index.php?rest_route=\/wp\/v2\/types\/page"}],"author":[{"embeddable":true,"href":"https:\/\/onag.semujer.gob.hn\/index.php?rest_route=\/wp\/v2\/users\/1"}],"replies":[{"embeddable":true,"href":"https:\/\/onag.semujer.gob.hn\/index.php?rest_route=%2Fwp%2Fv2%2Fcomments&post=767"}],"version-history":[{"count":7,"href":"https:\/\/onag.semujer.gob.hn\/index.php?rest_route=\/wp\/v2\/pages\/767\/revisions"}],"predecessor-version":[{"id":914,"href":"https:\/\/onag.semujer.gob.hn\/index.php?rest_route=\/wp\/v2\/pages\/767\/revisions\/914"}],"wp:attachment":[{"href":"https:\/\/onag.semujer.gob.hn\/index.php?rest_route=%2Fwp%2Fv2%2Fmedia&parent=767"}],"curies":[{"name":"wp","href":"https:\/\/api.w.org\/{rel}","templated":true}]}}