{"id":765,"date":"2025-01-15T18:06:28","date_gmt":"2025-01-15T17:06:28","guid":{"rendered":"https:\/\/onag.semujer.gob.hn\/?page_id=765"},"modified":"2025-04-03T20:44:10","modified_gmt":"2025-04-04T02:44:10","slug":"autonomia-fisica","status":"publish","type":"page","link":"https:\/\/onag.semujer.gob.hn\/?page_id=765","title":{"rendered":"Autonom\u00eda F\u00edsica"},"content":{"rendered":"\t\t<div data-elementor-type=\"wp-page\" data-elementor-id=\"765\" class=\"elementor elementor-765\">\n\t\t\t\t<div class=\"elementor-element elementor-element-8398c28 e-flex e-con-boxed wpr-particle-no wpr-jarallax-no wpr-parallax-no wpr-sticky-section-no e-con e-parent\" data-id=\"8398c28\" data-element_type=\"container\">\n\t\t\t\t\t<div class=\"e-con-inner\">\n\t\t\t\t<div class=\"elementor-element elementor-element-09f2850 elementor-widget elementor-widget-heading\" data-id=\"09f2850\" data-element_type=\"widget\" data-widget_type=\"heading.default\">\n\t\t\t\t<div class=\"elementor-widget-container\">\n\t\t\t\t\t<h2 class=\"elementor-heading-title elementor-size-default\">Autonom\u00eda F\u00edsica<\/h2>\t\t\t\t<\/div>\n\t\t\t\t<\/div>\n\t\t\t\t\t<\/div>\n\t\t\t\t<\/div>\n\t\t<div class=\"elementor-element elementor-element-cf5caf2 e-flex e-con-boxed wpr-particle-no wpr-jarallax-no wpr-parallax-no wpr-sticky-section-no e-con e-parent\" data-id=\"cf5caf2\" data-element_type=\"container\">\n\t\t\t\t\t<div class=\"e-con-inner\">\n\t\t\t\t<div class=\"elementor-element elementor-element-e1037ad elementor-widget elementor-widget-text-editor\" data-id=\"e1037ad\" data-element_type=\"widget\" data-widget_type=\"text-editor.default\">\n\t\t\t\t<div class=\"elementor-widget-container\">\n\t\t\t\t\t\t\t\t\t<p>Conjunto de indicadores que permitir\u00e1n la visualizaci\u00f3n de informaci\u00f3n sistem\u00e1tica y de calidad sobre distintos componentes y dimensiones de la salud y los derechos sexuales y reproductivos en Honduras.<\/p>\t\t\t\t\t\t\t\t<\/div>\n\t\t\t\t<\/div>\n\t\t\t\t\t<\/div>\n\t\t\t\t<\/div>\n\t\t<div class=\"elementor-element elementor-element-695430c e-con-full e-flex wpr-particle-no wpr-jarallax-no wpr-parallax-no wpr-sticky-section-no e-con e-parent\" data-id=\"695430c\" data-element_type=\"container\">\n\t\t\t\t<div class=\"elementor-element elementor-element-4952cc6 elementor-widget elementor-widget-html\" data-id=\"4952cc6\" data-element_type=\"widget\" data-widget_type=\"html.default\">\n\t\t\t\t<div class=\"elementor-widget-container\">\n\t\t\t\t\t<section class=\"section mt-2\">\r\n        <div class=\"container sombreado-formulario\">\r\n            <div class=\"contenedor-formulario-informacion\">\r\n                <h4 class=\"Raleway azul\">Filtros de b\u00fasqueda<\/h4>\r\n                <p>\r\n                    Seleccione filtros de b\u00fasqueda.\r\n                <\/p>\r\n                <div class=\"cell-xl-12 align-self-center\">\r\n                    <div class=\"row\">\r\n                        <div class=\"col-lg-12 cell-inner\">\r\n                            <form class=\"rd-form\"\r\n                                  data-form-output=\"form-output-global\"\r\n                                  data-form-type=\"contact\"\r\n                                                                    novalidate=\"novalidate\"\r\n                                  id=\"formularioFiltros\"\r\n                                  method=\"get\">\r\n                                <div class=\"row row-12\">\r\n    <div class=\"col-lg-12 col-md-12 col-sm-12 columnaFiltro\" id=\"indicadorColumna\">\r\n        <div class=\"form-wrap fadeSlideInUp has-error\" style=\"visibility:\r\n        visible; animation-name: fadeSlideInUp;\">\r\n            <label for=\"indicador_slug\">\r\n                Indicador\r\n            <\/label>\r\n            <select\r\n                id=\"indicador_slug\"\r\n                name=\"indicador_slug\"\r\n                class=\"form-control w-100\"\r\n            >\r\n                <option disabled hidden> Seleccione indicador <\/option>\r\n                                    <option value=\"tasa-global-de-fecundidad\"\r\n                            data-fuente-indicador=\"Encuesta Nacional de Demograf\u00eda y Salud &quot;ENDESA&quot; - INE\"\r\n                            id=\"option-tasa-global-de-fecundidad\"\r\n                    >\r\n                        Tasa Global de Fecundidad\r\n                    <\/option>\r\n                                    <option value=\"tasa-de-mortalidad-infantil\"\r\n                            data-fuente-indicador=\"Encuesta Nacional de Demograf\u00eda y Salud &quot;ENDESA&quot; - INE\"\r\n                            id=\"option-tasa-de-mortalidad-infantil\"\r\n                    >\r\n                        Tasa de Mortalidad Infantil\r\n                    <\/option>\r\n                                    <option value=\"atencion-del-parto-por-personal-calificado\"\r\n                            data-fuente-indicador=\"Encuesta Nacional de Demograf\u00eda y Salud &quot;ENDESA&quot; - INE\"\r\n                            id=\"option-atencion-del-parto-por-personal-calificado\"\r\n                    >\r\n                        Atenci\u00f3n del Parto por Personal Calificado\r\n                    <\/option>\r\n                                    <option value=\"porcentaje-de-embarazos-en-adolescentes\"\r\n                            data-fuente-indicador=\"Encuesta Nacional de Demograf\u00eda y Salud &quot;ENDESA&quot; - INE\"\r\n                            id=\"option-porcentaje-de-embarazos-en-adolescentes\"\r\n                    >\r\n                        Porcentaje de Embarazos en Adolescentes\r\n                    <\/option>\r\n                                    <option value=\"muertes-maternas-por-cada-100000-nacidos-vivos\"\r\n                            data-fuente-indicador=\"Informe &quot;Vigilancia de Mortalidad Materna 2012 - 2013; Estudios RAMOS 2015&quot;; Registros Administrativos de la Secretar\u00eda de Salud a trav\u00e9s de la Unidad de Vigilancia de la Salud.\"\r\n                            id=\"option-muertes-maternas-por-cada-100000-nacidos-vivos\"\r\n                    >\r\n                        Muertes Maternas Por Cada 100,000 Nacidos Vivos\r\n                    <\/option>\r\n                                    <option value=\"numero-de-personas-entre-15-y-49-anios-de-edad-viviendo-con-vih\"\r\n                            data-fuente-indicador=\"Estimaciones y Proyecciones de la Epidemia VIH &quot;Spectrum&quot;, Secretar\u00eda de Salud de Honduras.\"\r\n                            id=\"option-numero-de-personas-entre-15-y-49-anios-de-edad-viviendo-con-vih\"\r\n                    >\r\n                        N\u00famero de Personas Entre 15 y 49 A\u00f1os De Edad, Viviendo Con VIH\r\n                    <\/option>\r\n                                    <option value=\"casos-de-vih-por-estadio\"\r\n                            data-fuente-indicador=\"Estimaciones y Proyecciones de la Epidemia VIH &quot;Spectrum&quot;, Secretar\u00eda de Salud de Honduras.\"\r\n                            id=\"option-casos-de-vih-por-estadio\"\r\n                    >\r\n                        Casos De VIH Por Estad\u00edo\r\n                    <\/option>\r\n                                    <option value=\"prevalencia-de-vih-en-personas-adultas-de-15-a-49-anios\"\r\n                            data-fuente-indicador=\"Estimaciones y Proyecciones de la Epidemia VIH &quot;Spectrum&quot;, Secretar\u00eda de Salud de Honduras.\"\r\n                            id=\"option-prevalencia-de-vih-en-personas-adultas-de-15-a-49-anios\"\r\n                    >\r\n                        Prevalencia de VIH en Personas Adultas de 15 a 49 a\u00f1os\r\n                    <\/option>\r\n                                    <option value=\"muertes-anuales-por-sida\"\r\n                            data-fuente-indicador=\"Estimaciones y Proyecciones de la Epidemia VIH &quot;Spectrum&quot;, Secretar\u00eda de Salud de Honduras.\"\r\n                            id=\"option-muertes-anuales-por-sida\"\r\n                    >\r\n                        Muertes Anuales Por VIH\/SIDA\r\n                    <\/option>\r\n                                    <option value=\"parto-institucional-en-ninas-y-adolescentes-en-la-red-de-servicios-de-la-secretaria-de-salud-de-honduras\"\r\n                            data-fuente-indicador=\"Registros Administrativos, Departamento de Estad\u00edstica de la Secretaria de Salud de Honduras.\"\r\n                            id=\"option-parto-institucional-en-ninas-y-adolescentes-en-la-red-de-servicios-de-la-secretaria-de-salud-de-honduras\"\r\n                    >\r\n                        Parto Institucional En Ni\u00f1as y Adolescentes En La Red De Servicios De La Secretaria De Salud De Honduras\r\n                    <\/option>\r\n                                    <option value=\"numero-de-detecciones-de-cancer-cervico-uterino\"\r\n                            data-fuente-indicador=\"Registros Administrativos, Departamento de Estad\u00edstica de la Secretaria de Salud de Honduras.\"\r\n                            id=\"option-numero-de-detecciones-de-cancer-cervico-uterino\"\r\n                    >\r\n                        N\u00famero de Detecciones de C\u00e1ncer C\u00e9rvico Uterino\r\n                    <\/option>\r\n                                    <option value=\"egresos-hospitalarios-de-embarazo-terminado-en-abortos\"\r\n                            data-fuente-indicador=\"Registros Administrativos - Secretar\u00eda de Educaci\u00f3n de Honduras\"\r\n                            id=\"option-egresos-hospitalarios-de-embarazo-terminado-en-abortos\"\r\n                    >\r\n                        N\u00famero Egresos Hospitalarios de Embarazo Terminado en Abortos\r\n                    <\/option>\r\n                                    <option value=\"cobertura-de-parto-institucional\"\r\n                            data-fuente-indicador=\"Secretar\u00eda de Salud, \u00c1rea Estad\u00edstica, Actividades Hospitalarias, Labor y Parto RN-RS, Estimaciones de Poblaci\u00f3n INEA 2020\"\r\n                            id=\"option-cobertura-de-parto-institucional\"\r\n                    >\r\n                        Cobertura de Parto Institucional\r\n                    <\/option>\r\n                                    <option value=\"porcentaje-de-parto-en-adolescentes\"\r\n                            data-fuente-indicador=\"Secretar\u00eda de Salud, \u00c1rea Estad\u00edstica, Actividades Hospitalarias, Labor y Parto RN-RS, Estimaciones de Poblaci\u00f3n INEA 2020\"\r\n                            id=\"option-porcentaje-de-parto-en-adolescentes\"\r\n                    >\r\n                        Porcentaje de Parto en Adolescentes Seg\u00fan Registros Administrativos\r\n                    <\/option>\r\n                                    <option value=\"egreso-hospitalario-por-tumor-maligno-de-la-mama\"\r\n                            data-fuente-indicador=\"Registros Administrativos, Departamento de Estad\u00edstica de la Secretaria de Salud de Honduras.\"\r\n                            id=\"option-egreso-hospitalario-por-tumor-maligno-de-la-mama\"\r\n                    >\r\n                        N\u00famero de Egreso hospitalario por Tumor Maligno de la mama\r\n                    <\/option>\r\n                                    <option value=\"numero-de-defunciones-por-tumor-maligno-de-la-mama\"\r\n                            data-fuente-indicador=\"Registros Administrativos, Departamento de Estad\u00edstica de la Secretaria de Salud de Honduras.\"\r\n                            id=\"option-numero-de-defunciones-por-tumor-maligno-de-la-mama\"\r\n                    >\r\n                        N\u00famero de Defunciones por Tumor Maligno de la mama\r\n                    <\/option>\r\n                                    <option value=\"egresos-hospitalarios-por-cancer-cervico-uterino\"\r\n                            data-fuente-indicador=\"Registros Administrativos - Secretar\u00eda de Educaci\u00f3n de Honduras\"\r\n                            id=\"option-egresos-hospitalarios-por-cancer-cervico-uterino\"\r\n                    >\r\n                        Egresos Hospitalarios por C\u00e1ncer C\u00e9rvico Uterino\r\n                    <\/option>\r\n                                    <option value=\"numero-de-atenciones-por-metodos-anticonceptivos-a-mujeres-de-la-red-de-la-sesal\"\r\n                            data-fuente-indicador=\"Registros Administrativos - Secretar\u00eda de Educaci\u00f3n de Honduras\"\r\n                            id=\"option-numero-de-atenciones-por-metodos-anticonceptivos-a-mujeres-de-la-red-de-la-sesal\"\r\n                    >\r\n                        N\u00famero de Atenciones por M\u00e9todos Anticonceptivos a Mujeres de la Red de la Secretar\u00eda de Salud\r\n                    <\/option>\r\n                            <\/select>\r\n        <\/div>\r\n    <\/div>\r\n    <div class=\"col-lg-4 col-md-4 col-sm-6 columnaFiltro\" id=\"desagregacionColumna\">\r\n        <div class=\"form-wrap fadeSlideInUp has-error\" style=\"visibility:\r\n        visible; animation-name: fadeSlideInUp;\">\r\n            <label for=\"desagregacion_id\">\r\n                Desagregaci\u00f3n\r\n            <\/label>\r\n            <select\r\n                id=\"desagregacion_id\"\r\n                name=\"desagregacion_id\"\r\n                class=\"form-control w-100\"\r\n            >\r\n                <option disabled hidden> Seleccione indicador <\/option>\r\n                                    <option value=\"1\">\r\n                        Total Nacional\r\n                    <\/option>\r\n                                    <option value=\"8\">\r\n                        Por Departamento\r\n                    <\/option>\r\n                            <\/select>\r\n        <\/div>\r\n    <\/div>\r\n            <div class=\"col-lg-3 col-md-3 col-sm-6 columnaFiltro\r\n                            d-none\r\n\"\r\n             id=\"anioColumna\">\r\n            <div class=\"form-wrap fadeSlideInUp has-error\"\r\n                 style=\"visibility: visible; animation-name: fadeSlideInUp;\">\r\n                <label for=\"anio_id\">\r\n                    A\u00f1o\/s\r\n                <\/label>\r\n                <select\r\n                    id=\"anio_id\"\r\n                    name=\"anio_id[]\"\r\n                    class=\"form-control w-100\"\r\n                    multiple=\"multiple\"\r\n                >\r\n                    <option disabled> Seleccione a\u00f1o <\/option>\r\n                                    <\/select>\r\n            <\/div>\r\n        <\/div>\r\n                <div class=\"col-lg-2 col-md-2 col-sm-6 columnaFiltro\" id=\"periodosColumna\">\r\n            <div class=\"form-wrap fadeSlideInUp has-error\"\r\n                 style=\"visibility: visible; animation-name: fadeSlideInUp;\">\r\n                <label for=\"periodos\">\r\n                    Periodo\/s\r\n                <\/label>\r\n                <select\r\n                    id=\"periodos\"\r\n                    name=\"periodos[]\"\r\n                    class=\"form-control w-100\"\r\n                    multiple=\"multiple\"\r\n                >\r\n                    <option disabled> Seleccione periodo <\/option>\r\n                                    <\/select>\r\n            <\/div>\r\n        <\/div>\r\n                <div class=\"col-lg-4 col-md-4 col-sm-6 d-none columnaFiltro\" id=\"departamentoColumna\">\r\n            <div class=\"form-wrap fadeSlideInUp has-error\"\r\n                 style=\"visibility: visible; animation-name: fadeSlideInUp;\">\r\n                <label for=\"departamento_id\">\r\n                    Departamento\r\n                <\/label>\r\n                <select\r\n                    id=\"departamento_id\"\r\n                    name=\"departamento_id[]\"\r\n                    class=\"form-control w-100\"\r\n                    multiple=\"multiple\"\r\n                >\r\n                                            <option value=\"1\">\r\n                            Atl\u00e1ntida\r\n                        <\/option>\r\n                                            <option value=\"2\">\r\n                            Col\u00f3n\r\n                        <\/option>\r\n                                            <option value=\"3\">\r\n                            Comayagua\r\n                        <\/option>\r\n                                            <option value=\"4\">\r\n                            Cop\u00e1n\r\n                        <\/option>\r\n                                            <option value=\"5\">\r\n                            Cort\u00e9s\r\n                        <\/option>\r\n                                            <option value=\"6\">\r\n                            Choluteca\r\n                        <\/option>\r\n                                            <option value=\"7\">\r\n                            El Para\u00edso\r\n                        <\/option>\r\n                                            <option value=\"8\">\r\n                            Francisco Moraz\u00e1n\r\n                        <\/option>\r\n                                            <option value=\"9\">\r\n                            Gracias a Dios\r\n                        <\/option>\r\n                                            <option value=\"10\">\r\n                            Intibuc\u00e1\r\n                        <\/option>\r\n                                            <option value=\"11\">\r\n                            Islas de Bah\u00eda\r\n                        <\/option>\r\n                                            <option value=\"12\">\r\n                            La Paz\r\n                        <\/option>\r\n                                            <option value=\"13\">\r\n                            Lempira\r\n                        <\/option>\r\n                                            <option value=\"14\">\r\n                            Ocotepeque\r\n                        <\/option>\r\n                                            <option value=\"15\">\r\n                            Olancho\r\n                        <\/option>\r\n                                            <option value=\"16\">\r\n                            Santa B\u00e1rbara\r\n                        <\/option>\r\n                                            <option value=\"17\">\r\n                            Valle\r\n                        <\/option>\r\n                                            <option value=\"18\">\r\n                            Yoro\r\n                        <\/option>\r\n                                    <\/select>\r\n            <\/div>\r\n        <\/div>\r\n                    <div class=\"col-3 d-none columnaFiltro\" id=\"checkboxColumna\">\r\n        <label class=\"form-check-label\" for=\"grafico_porcentual\">\r\n            Mostrar porcentaje\r\n        <\/label>\r\n        <div class=\"custom-control form-control-lg custom-checkbox\">\r\n            <input type=\"checkbox\" class=\"custom-control-input\" name=\"porcentaje\" id=\"grafico_porcentual\">\r\n            <label class=\"custom-control-label\" for=\"grafico_porcentual\"><\/label>\r\n        <\/div>\r\n    <\/div>\r\n    <div class=\"col-12 boton-informacion wow-outer\">\r\n        <button class=\"button button-primary button-winona wow slideInRight float-right button-sm\">\r\n            Consultar\r\n        <\/button>\r\n    <\/div>\r\n<\/div>\r\n                            <\/form>\r\n                        <\/div>\r\n                        <input type=\"hidden\" id=\"categoriaSlug\" value=\"salud-y-derechos-sexuales-y-reproductivos\">\r\n                    <\/div>\r\n                <\/div>\r\n\r\n            <\/div>\r\n        <\/div>\r\n    <\/section>\r\n    <br>\r\n    <section class=\"section mt-1 mb-5\">\r\n        <div class=\"container\">\r\n            \r\n            <div class=\"cell-xl-12 align-self-center\">\r\n                <div id=\"contenido\" class=\"row\">\r\n                <\/div>\r\n            <\/div>\r\n        <\/div>\r\n    <\/section>\t\t\t\t<\/div>\n\t\t\t\t<\/div>\n\t\t\t\t<\/div>\n\t\t\t\t<\/div>\n\t\t","protected":false},"excerpt":{"rendered":"<p>Autonom\u00eda F\u00edsica Conjunto de indicadores que permitir\u00e1n la visualizaci\u00f3n de informaci\u00f3n sistem\u00e1tica y de calidad sobre distintos componentes y dimensiones de la salud y los derechos sexuales y reproductivos en Honduras. Filtros de b\u00fasqueda Seleccione filtros de b\u00fasqueda. Indicador Seleccione indicador Tasa Global de Fecundidad Tasa de Mortalidad Infantil Atenci\u00f3n del Parto por Personal Calificado Porcentaje de Embarazos en Adolescentes Muertes Maternas Por Cada 100,000 Nacidos Vivos N\u00famero de Personas Entre 15 y 49 A\u00f1os De Edad, Viviendo Con VIH Casos De VIH Por Estad\u00edo Prevalencia de VIH en Personas Adultas de 15 a 49 a\u00f1os Muertes Anuales Por VIH\/SIDA Parto Institucional En Ni\u00f1as y Adolescentes En La Red De Servicios De La Secretaria De Salud De Honduras N\u00famero de Detecciones de C\u00e1ncer C\u00e9rvico Uterino N\u00famero Egresos Hospitalarios de Embarazo Terminado en Abortos Cobertura de Parto Institucional Porcentaje de Parto en Adolescentes Seg\u00fan Registros Administrativos N\u00famero de Egreso hospitalario por Tumor Maligno de la mama N\u00famero de Defunciones por Tumor Maligno de la mama Egresos Hospitalarios por C\u00e1ncer C\u00e9rvico Uterino N\u00famero de Atenciones por M\u00e9todos Anticonceptivos a Mujeres de la Red de la Secretar\u00eda de Salud Desagregaci\u00f3n Seleccione indicador Total Nacional Por Departamento A\u00f1o\/s Seleccione a\u00f1o Periodo\/s Seleccione periodo Departamento Atl\u00e1ntida Col\u00f3n Comayagua Cop\u00e1n Cort\u00e9s Choluteca El Para\u00edso Francisco Moraz\u00e1n Gracias a Dios Intibuc\u00e1 Islas de Bah\u00eda La Paz Lempira Ocotepeque Olancho Santa B\u00e1rbara Valle Yoro Mostrar porcentaje Consultar<\/p>\n","protected":false},"author":1,"featured_media":0,"parent":0,"menu_order":0,"comment_status":"closed","ping_status":"closed","template":"","meta":{"site-sidebar-layout":"no-sidebar","site-content-layout":"","ast-site-content-layout":"full-width-container","site-content-style":"default","site-sidebar-style":"default","ast-global-header-display":"","ast-banner-title-visibility":"","ast-main-header-display":"","ast-hfb-above-header-display":"","ast-hfb-below-header-display":"","ast-hfb-mobile-header-display":"","site-post-title":"disabled","ast-breadcrumbs-content":"","ast-featured-img":"disabled","footer-sml-layout":"","theme-transparent-header-meta":"","adv-header-id-meta":"","stick-header-meta":"","header-above-stick-meta":"","header-main-stick-meta":"","header-below-stick-meta":"","astra-migrate-meta-layouts":"default","ast-page-background-enabled":"default","ast-page-background-meta":{"desktop":{"background-color":"var(--ast-global-color-4)","background-image":"","background-repeat":"repeat","background-position":"center center","background-size":"auto","background-attachment":"scroll","background-type":"","background-media":"","overlay-type":"","overlay-color":"","overlay-opacity":"","overlay-gradient":""},"tablet":{"background-color":"","background-image":"","background-repeat":"repeat","background-position":"center center","background-size":"auto","background-attachment":"scroll","background-type":"","background-media":"","overlay-type":"","overlay-color":"","overlay-opacity":"","overlay-gradient":""},"mobile":{"background-color":"","background-image":"","background-repeat":"repeat","background-position":"center center","background-size":"auto","background-attachment":"scroll","background-type":"","background-media":"","overlay-type":"","overlay-color":"","overlay-opacity":"","overlay-gradient":""}},"ast-content-background-meta":{"desktop":{"background-color":"var(--ast-global-color-5)","background-image":"","background-repeat":"repeat","background-position":"center center","background-size":"auto","background-attachment":"scroll","background-type":"","background-media":"","overlay-type":"","overlay-color":"","overlay-opacity":"","overlay-gradient":""},"tablet":{"background-color":"var(--ast-global-color-5)","background-image":"","background-repeat":"repeat","background-position":"center center","background-size":"auto","background-attachment":"scroll","background-type":"","background-media":"","overlay-type":"","overlay-color":"","overlay-opacity":"","overlay-gradient":""},"mobile":{"background-color":"var(--ast-global-color-5)","background-image":"","background-repeat":"repeat","background-position":"center center","background-size":"auto","background-attachment":"scroll","background-type":"","background-media":"","overlay-type":"","overlay-color":"","overlay-opacity":"","overlay-gradient":""}},"footnotes":""},"class_list":["post-765","page","type-page","status-publish","hentry"],"_links":{"self":[{"href":"https:\/\/onag.semujer.gob.hn\/index.php?rest_route=\/wp\/v2\/pages\/765","targetHints":{"allow":["GET"]}}],"collection":[{"href":"https:\/\/onag.semujer.gob.hn\/index.php?rest_route=\/wp\/v2\/pages"}],"about":[{"href":"https:\/\/onag.semujer.gob.hn\/index.php?rest_route=\/wp\/v2\/types\/page"}],"author":[{"embeddable":true,"href":"https:\/\/onag.semujer.gob.hn\/index.php?rest_route=\/wp\/v2\/users\/1"}],"replies":[{"embeddable":true,"href":"https:\/\/onag.semujer.gob.hn\/index.php?rest_route=%2Fwp%2Fv2%2Fcomments&post=765"}],"version-history":[{"count":34,"href":"https:\/\/onag.semujer.gob.hn\/index.php?rest_route=\/wp\/v2\/pages\/765\/revisions"}],"predecessor-version":[{"id":1139,"href":"https:\/\/onag.semujer.gob.hn\/index.php?rest_route=\/wp\/v2\/pages\/765\/revisions\/1139"}],"wp:attachment":[{"href":"https:\/\/onag.semujer.gob.hn\/index.php?rest_route=%2Fwp%2Fv2%2Fmedia&parent=765"}],"curies":[{"name":"wp","href":"https:\/\/api.w.org\/{rel}","templated":true}]}}